{"id":1001,"date":"2026-04-17T14:01:28","date_gmt":"2026-04-17T14:01:28","guid":{"rendered":"https:\/\/gatapiekabes.lv\/product\/bren-500b\/"},"modified":"2026-04-23T18:25:00","modified_gmt":"2026-04-23T15:25:00","slug":"bren-500b","status":"publish","type":"product","link":"https:\/\/gatapiekabes.lv\/ru\/product\/bren-500b\/","title":{"rendered":"BREN-500B"},"content":{"rendered":"<p>Vienass laivu piekabe ar karsti cinkotu metin\u0101tu r\u0101mi, kas paredz\u0113ts profesion\u0101lai lieto\u0161anai. Cinkots tils ar l\u0101gu atsper\u0113m un amortizatoriem, \u016bdensiztur\u012bgas asis KNOTT (V\u0101cija). Elektrosist\u0113ma Asp\u00f6ck (Austija), komplekt\u0101 \u0161tekeris ar 13 kontaktiem un adapteri uz 7 kontaktiem. 4 metin\u0101tas cilpas kravas stiprin\u0101\u0161anai. Kvalitat\u012bvi rull\u012b\u0161i un laivas priek\u0161gala atdure DOMAR (It\u0101lija), neatst\u0101j p\u0113das uz laivas. Standarta apr\u012bkojum\u0101 ietilpst:<\/p>","protected":false},"excerpt":{"rendered":"<p>Vienass laivu piekabe ar karsti cinkotu metin\u0101tu r\u0101mi, kas paredz\u0113ts profesion\u0101lai lieto\u0161anai.<\/p>","protected":false},"featured_media":1000,"comment_status":"open","ping_status":"closed","template":"","meta":[],"product_brand":[],"product_cat":[204],"product_tag":[],"class_list":{"0":"post-1001","1":"product","2":"type-product","3":"status-publish","4":"has-post-thumbnail","6":"product_cat-laivu-piekabes","7":"pa_bremzes-bez-bremzem","8":"pa_celtspeja-585-kg","9":"pa_maksimalais-laivas-garums-4-8-m","10":"pa_pilna-masa-750-kg","12":"first","13":"instock","14":"shipping-taxable","15":"purchasable","16":"product-type-simple"},"_links":{"self":[{"href":"https:\/\/gatapiekabes.lv\/ru\/wp-json\/wp\/v2\/product\/1001","targetHints":{"allow":["GET"]}}],"collection":[{"href":"https:\/\/gatapiekabes.lv\/ru\/wp-json\/wp\/v2\/product"}],"about":[{"href":"https:\/\/gatapiekabes.lv\/ru\/wp-json\/wp\/v2\/types\/product"}],"replies":[{"embeddable":true,"href":"https:\/\/gatapiekabes.lv\/ru\/wp-json\/wp\/v2\/comments?post=1001"}],"wp:featuredmedia":[{"embeddable":true,"href":"https:\/\/gatapiekabes.lv\/ru\/wp-json\/wp\/v2\/media\/1000"}],"wp:attachment":[{"href":"https:\/\/gatapiekabes.lv\/ru\/wp-json\/wp\/v2\/media?parent=1001"}],"wp:term":[{"taxonomy":"product_brand","embeddable":true,"href":"https:\/\/gatapiekabes.lv\/ru\/wp-json\/wp\/v2\/product_brand?post=1001"},{"taxonomy":"product_cat","embeddable":true,"href":"https:\/\/gatapiekabes.lv\/ru\/wp-json\/wp\/v2\/product_cat?post=1001"},{"taxonomy":"product_tag","embeddable":true,"href":"https:\/\/gatapiekabes.lv\/ru\/wp-json\/wp\/v2\/product_tag?post=1001"}],"curies":[{"name":"wp","href":"https:\/\/api.w.org\/{rel}","templated":true}]}}