{"id":1021,"date":"2026-04-17T14:01:46","date_gmt":"2026-04-17T14:01:46","guid":{"rendered":"https:\/\/gatapiekabes.lv\/product\/vitnstienis-m10-l2000-mm-din975-4-6-zn\/"},"modified":"2026-04-23T18:25:00","modified_gmt":"2026-04-23T15:25:00","slug":"vitnstienis-m10-l2000-mm-din975-4-6-zn","status":"publish","type":"product","link":"https:\/\/gatapiekabes.lv\/ru\/product\/vitnstienis-m10-l2000-mm-din975-4-6-zn\/","title":{"rendered":"V\u012bt\u0146stienis M10 L=2000 mm DIN975 4.6 ZN"},"content":{"rendered":"<p>V\u012bt\u0146stienis M10 L=2000 mm DIN975 4.6 ZN \u2014 karsti cinkots, metin\u0101ts r\u0101mis no S355 t\u0113rauda.<\/p>","protected":false},"excerpt":{"rendered":"<p>V\u012bt\u0146stienis M10 L=2000 mm DIN975 4.6 ZN \u2014 karsti cinkots, metin\u0101ts r\u0101mis no S355 t\u0113rauda.<\/p>","protected":false},"featured_media":0,"comment_status":"open","ping_status":"closed","template":"","meta":[],"product_brand":[],"product_cat":[69],"product_tag":[],"class_list":{"0":"post-1021","1":"product","2":"type-product","3":"status-publish","5":"product_cat-amortizatori-un-atsperes","7":"first","8":"instock","9":"shipping-taxable","10":"purchasable","11":"product-type-simple"},"_links":{"self":[{"href":"https:\/\/gatapiekabes.lv\/ru\/wp-json\/wp\/v2\/product\/1021","targetHints":{"allow":["GET"]}}],"collection":[{"href":"https:\/\/gatapiekabes.lv\/ru\/wp-json\/wp\/v2\/product"}],"about":[{"href":"https:\/\/gatapiekabes.lv\/ru\/wp-json\/wp\/v2\/types\/product"}],"replies":[{"embeddable":true,"href":"https:\/\/gatapiekabes.lv\/ru\/wp-json\/wp\/v2\/comments?post=1021"}],"wp:attachment":[{"href":"https:\/\/gatapiekabes.lv\/ru\/wp-json\/wp\/v2\/media?parent=1021"}],"wp:term":[{"taxonomy":"product_brand","embeddable":true,"href":"https:\/\/gatapiekabes.lv\/ru\/wp-json\/wp\/v2\/product_brand?post=1021"},{"taxonomy":"product_cat","embeddable":true,"href":"https:\/\/gatapiekabes.lv\/ru\/wp-json\/wp\/v2\/product_cat?post=1021"},{"taxonomy":"product_tag","embeddable":true,"href":"https:\/\/gatapiekabes.lv\/ru\/wp-json\/wp\/v2\/product_tag?post=1021"}],"curies":[{"name":"wp","href":"https:\/\/api.w.org\/{rel}","templated":true}]}}