{"id":1023,"date":"2026-04-17T14:01:47","date_gmt":"2026-04-17T14:01:47","guid":{"rendered":"https:\/\/gatapiekabes.lv\/product\/papildus-borti-bren-2612n\/"},"modified":"2026-04-23T18:25:00","modified_gmt":"2026-04-23T15:25:00","slug":"papildus-borti-bren-2612n","status":"publish","type":"product","link":"https:\/\/gatapiekabes.lv\/ru\/product\/papildus-borti-bren-2612n\/","title":{"rendered":"Papildus borti\u00a0BREN-2612N"},"content":{"rendered":"<p>Bortu paaugstin\u0101jumi \u013cauj palielin\u0101t kastes tipa piekabes ietilp\u012bbu. Bortu paaugstin\u0101jumi ir izgatavoti no karsti cinkota lok\u0161\u0146u t\u0113rauda, kas tos padara iztur\u012bgus pret laikapst\u0101k\u013cu iedarb\u012bbu. Uz bortu paaugstin\u0101jumiem ir iesp\u0113jams nostiprin\u0101t ar\u012b plastmasas p\u0101rsegu vai tentu. Bortu paaugstin\u0101juma izm\u0113ri ir 2,6&#215;1,25&#215;0,3 m. Komplekt\u0101 ir divas mal\u0113jo bortu paaugstin\u0101juma deta\u013cas ar produkta kodu 16N.3 un divas gala bortu paaugstin\u0101juma deta\u013cas ar produkta kodu 16N.10.Piem\u0113rots BREN-2612N s\u0113rijas piekab\u0113m.<\/p>","protected":false},"excerpt":{"rendered":"<p>Bortu paaugstin\u0101jumi \u013cauj palielin\u0101t kastes tipa piekabes ietilp\u012bbu.<\/p>","protected":false},"featured_media":1022,"comment_status":"open","ping_status":"closed","template":"","meta":[],"product_brand":[],"product_cat":[72],"product_tag":[],"class_list":{"0":"post-1023","1":"product","2":"type-product","3":"status-publish","4":"has-post-thumbnail","6":"product_cat-papildus-borti","8":"first","9":"instock","10":"shipping-taxable","11":"purchasable","12":"product-type-simple"},"_links":{"self":[{"href":"https:\/\/gatapiekabes.lv\/ru\/wp-json\/wp\/v2\/product\/1023","targetHints":{"allow":["GET"]}}],"collection":[{"href":"https:\/\/gatapiekabes.lv\/ru\/wp-json\/wp\/v2\/product"}],"about":[{"href":"https:\/\/gatapiekabes.lv\/ru\/wp-json\/wp\/v2\/types\/product"}],"replies":[{"embeddable":true,"href":"https:\/\/gatapiekabes.lv\/ru\/wp-json\/wp\/v2\/comments?post=1023"}],"wp:featuredmedia":[{"embeddable":true,"href":"https:\/\/gatapiekabes.lv\/ru\/wp-json\/wp\/v2\/media\/1022"}],"wp:attachment":[{"href":"https:\/\/gatapiekabes.lv\/ru\/wp-json\/wp\/v2\/media?parent=1023"}],"wp:term":[{"taxonomy":"product_brand","embeddable":true,"href":"https:\/\/gatapiekabes.lv\/ru\/wp-json\/wp\/v2\/product_brand?post=1023"},{"taxonomy":"product_cat","embeddable":true,"href":"https:\/\/gatapiekabes.lv\/ru\/wp-json\/wp\/v2\/product_cat?post=1023"},{"taxonomy":"product_tag","embeddable":true,"href":"https:\/\/gatapiekabes.lv\/ru\/wp-json\/wp\/v2\/product_tag?post=1023"}],"curies":[{"name":"wp","href":"https:\/\/api.w.org\/{rel}","templated":true}]}}