{"id":1063,"date":"2026-04-17T14:02:15","date_gmt":"2026-04-17T14:02:15","guid":{"rendered":"https:\/\/gatapiekabes.lv\/product\/plakans-tents-bren-3718n\/"},"modified":"2026-04-23T18:25:01","modified_gmt":"2026-04-23T15:25:01","slug":"plakans-tents-bren-3718n","status":"publish","type":"product","link":"https:\/\/gatapiekabes.lv\/ru\/product\/plakans-tents-bren-3718n\/","title":{"rendered":"Plakans tents\u00a0BREN-3718N"},"content":{"rendered":"<p>Iepakojuma saturs: plakanais tents, gumijas aukla, gumijas auklas stiprin\u0101jumi, savelko\u0161\u0101s kniedes. Tenta Izm\u0113ri 3.7\u00a0x 1.8\u00a0m.\u00a0Piem\u0113rota piekab\u0113m\u00a0BREN-3718N. Iepaz\u012bstieties ar uzst\u0101d\u012b\u0161anas rokasgr\u0101matu \u0160EIT. Lai izvair\u012btos no tenta izliek\u0161an\u0101s, j\u0101uzst\u0101da tenta atbalsta arkas. Minim\u0101lais nepiecie\u0161amais daudzums vienai l\u012bdz 3 m piekabei ir 2 gab., gar\u0101k\u0101m piekab\u0113m \u2013 vismaz 4 gab.<\/p>","protected":false},"excerpt":{"rendered":"<p>Iepakojuma saturs: plakanais tents, gumijas aukla, gumijas auklas stiprin\u0101jumi, savelko\u0161\u0101s kniedes.<\/p>","protected":false},"featured_media":1060,"comment_status":"open","ping_status":"closed","template":"","meta":[],"product_brand":[],"product_cat":[77],"product_tag":[],"class_list":{"0":"post-1063","1":"product","2":"type-product","3":"status-publish","4":"has-post-thumbnail","6":"product_cat-tenti","8":"first","9":"instock","10":"shipping-taxable","11":"purchasable","12":"product-type-simple"},"_links":{"self":[{"href":"https:\/\/gatapiekabes.lv\/ru\/wp-json\/wp\/v2\/product\/1063","targetHints":{"allow":["GET"]}}],"collection":[{"href":"https:\/\/gatapiekabes.lv\/ru\/wp-json\/wp\/v2\/product"}],"about":[{"href":"https:\/\/gatapiekabes.lv\/ru\/wp-json\/wp\/v2\/types\/product"}],"replies":[{"embeddable":true,"href":"https:\/\/gatapiekabes.lv\/ru\/wp-json\/wp\/v2\/comments?post=1063"}],"wp:featuredmedia":[{"embeddable":true,"href":"https:\/\/gatapiekabes.lv\/ru\/wp-json\/wp\/v2\/media\/1060"}],"wp:attachment":[{"href":"https:\/\/gatapiekabes.lv\/ru\/wp-json\/wp\/v2\/media?parent=1063"}],"wp:term":[{"taxonomy":"product_brand","embeddable":true,"href":"https:\/\/gatapiekabes.lv\/ru\/wp-json\/wp\/v2\/product_brand?post=1063"},{"taxonomy":"product_cat","embeddable":true,"href":"https:\/\/gatapiekabes.lv\/ru\/wp-json\/wp\/v2\/product_cat?post=1063"},{"taxonomy":"product_tag","embeddable":true,"href":"https:\/\/gatapiekabes.lv\/ru\/wp-json\/wp\/v2\/product_tag?post=1063"}],"curies":[{"name":"wp","href":"https:\/\/api.w.org\/{rel}","templated":true}]}}