{"id":1070,"date":"2026-04-17T14:02:21","date_gmt":"2026-04-17T14:02:21","guid":{"rendered":"https:\/\/gatapiekabes.lv\/product\/kravas-kastes-gazes-atspere-500mm-n-series\/"},"modified":"2026-04-23T18:25:01","modified_gmt":"2026-04-23T15:25:01","slug":"kravas-kastes-gazes-atspere-500mm-n-series","status":"publish","type":"product","link":"https:\/\/gatapiekabes.lv\/ru\/product\/kravas-kastes-gazes-atspere-500mm-n-series\/","title":{"rendered":"Kravas kastes g\u0101zes atspere 500mm N-series"},"content":{"rendered":"<p>Sasv\u0113r\u0161anas g\u0101zes atspere nodro\u0161ina vienm\u0113r\u012bgu kravas kastes sasv\u0113r\u0161anu. G\u0101zes atsperes garums 582\u00a0mm, pacel\u0161anas sp\u0113ks 500\u00a0N. Piem\u0113rota N s\u0113rijas piekab\u0113m. Komplekt\u0101 ietilpst g\u0101zes atspere ar uzst\u0101d\u012b\u0161anas piederumiem. Uzman\u012bbu! Divasu piekabai j\u0101uzst\u0101da 2 g\u0101zes atsperes.<\/p>","protected":false},"excerpt":{"rendered":"<p>Sasv\u0113r\u0161anas g\u0101zes atspere nodro\u0161ina vienm\u0113r\u012bgu kravas kastes sasv\u0113r\u0161anu.<\/p>","protected":false},"featured_media":1069,"comment_status":"open","ping_status":"closed","template":"","meta":[],"product_brand":[],"product_cat":[73],"product_tag":[],"class_list":{"0":"post-1070","1":"product","2":"type-product","3":"status-publish","4":"has-post-thumbnail","6":"product_cat-piekabes-slipums-un-uzbrauksana","8":"first","9":"instock","10":"shipping-taxable","11":"purchasable","12":"product-type-simple"},"_links":{"self":[{"href":"https:\/\/gatapiekabes.lv\/ru\/wp-json\/wp\/v2\/product\/1070","targetHints":{"allow":["GET"]}}],"collection":[{"href":"https:\/\/gatapiekabes.lv\/ru\/wp-json\/wp\/v2\/product"}],"about":[{"href":"https:\/\/gatapiekabes.lv\/ru\/wp-json\/wp\/v2\/types\/product"}],"replies":[{"embeddable":true,"href":"https:\/\/gatapiekabes.lv\/ru\/wp-json\/wp\/v2\/comments?post=1070"}],"wp:featuredmedia":[{"embeddable":true,"href":"https:\/\/gatapiekabes.lv\/ru\/wp-json\/wp\/v2\/media\/1069"}],"wp:attachment":[{"href":"https:\/\/gatapiekabes.lv\/ru\/wp-json\/wp\/v2\/media?parent=1070"}],"wp:term":[{"taxonomy":"product_brand","embeddable":true,"href":"https:\/\/gatapiekabes.lv\/ru\/wp-json\/wp\/v2\/product_brand?post=1070"},{"taxonomy":"product_cat","embeddable":true,"href":"https:\/\/gatapiekabes.lv\/ru\/wp-json\/wp\/v2\/product_cat?post=1070"},{"taxonomy":"product_tag","embeddable":true,"href":"https:\/\/gatapiekabes.lv\/ru\/wp-json\/wp\/v2\/product_tag?post=1070"}],"curies":[{"name":"wp","href":"https:\/\/api.w.org\/{rel}","templated":true}]}}