{"id":1075,"date":"2026-04-17T14:02:24","date_gmt":"2026-04-17T14:02:24","guid":{"rendered":"https:\/\/gatapiekabes.lv\/product\/ritenis-155-70r12c-900kg-ms-5x112\/"},"modified":"2026-04-23T18:25:01","modified_gmt":"2026-04-23T15:25:01","slug":"ritenis-155-70r12c-900kg-ms-5x112","status":"publish","type":"product","link":"https:\/\/gatapiekabes.lv\/ru\/product\/ritenis-155-70r12c-900kg-ms-5x112\/","title":{"rendered":"Ritenis 155\/70R12C 900kg M+S (5\u00d7112)"},"content":{"rendered":"<p>Rite\u0146a skr\u016bves atvere 5&#215;112, M+S riepas ar izm\u0113ru 155\/70R12C, ar palielin\u0101tu kravnes\u012bbu, kravnes\u012bba 900\u00a0kg.<\/p>","protected":false},"excerpt":{"rendered":"<p>Rite\u0146a skr\u016bves atvere 5&#215;112, M+S riepas ar izm\u0113ru 155\/70R12C, ar palielin\u0101tu kravnes\u012bbu, kravnes\u012bba 900\u00a0kg.<\/p>","protected":false},"featured_media":1074,"comment_status":"open","ping_status":"closed","template":"","meta":[],"product_brand":[],"product_cat":[256],"product_tag":[],"class_list":{"0":"post-1075","1":"product","2":"type-product","3":"status-publish","4":"has-post-thumbnail","6":"product_cat-riteni","8":"first","9":"instock","10":"shipping-taxable","11":"purchasable","12":"product-type-simple"},"_links":{"self":[{"href":"https:\/\/gatapiekabes.lv\/ru\/wp-json\/wp\/v2\/product\/1075","targetHints":{"allow":["GET"]}}],"collection":[{"href":"https:\/\/gatapiekabes.lv\/ru\/wp-json\/wp\/v2\/product"}],"about":[{"href":"https:\/\/gatapiekabes.lv\/ru\/wp-json\/wp\/v2\/types\/product"}],"replies":[{"embeddable":true,"href":"https:\/\/gatapiekabes.lv\/ru\/wp-json\/wp\/v2\/comments?post=1075"}],"wp:featuredmedia":[{"embeddable":true,"href":"https:\/\/gatapiekabes.lv\/ru\/wp-json\/wp\/v2\/media\/1074"}],"wp:attachment":[{"href":"https:\/\/gatapiekabes.lv\/ru\/wp-json\/wp\/v2\/media?parent=1075"}],"wp:term":[{"taxonomy":"product_brand","embeddable":true,"href":"https:\/\/gatapiekabes.lv\/ru\/wp-json\/wp\/v2\/product_brand?post=1075"},{"taxonomy":"product_cat","embeddable":true,"href":"https:\/\/gatapiekabes.lv\/ru\/wp-json\/wp\/v2\/product_cat?post=1075"},{"taxonomy":"product_tag","embeddable":true,"href":"https:\/\/gatapiekabes.lv\/ru\/wp-json\/wp\/v2\/product_tag?post=1075"}],"curies":[{"name":"wp","href":"https:\/\/api.w.org\/{rel}","templated":true}]}}