{"id":1080,"date":"2026-04-17T14:02:30","date_gmt":"2026-04-17T14:02:30","guid":{"rendered":"https:\/\/gatapiekabes.lv\/product\/nokomplektets-ritenis-195-65r15-95t-ms-5x112-aluminijs\/"},"modified":"2026-04-23T18:25:01","modified_gmt":"2026-04-23T15:25:01","slug":"nokomplektets-ritenis-195-65r15-95t-ms-5x112-aluminijs","status":"publish","type":"product","link":"https:\/\/gatapiekabes.lv\/ru\/product\/nokomplektets-ritenis-195-65r15-95t-ms-5x112-aluminijs\/","title":{"rendered":"Nokomplekt\u0113ts ritenis 195\/65R15, 95T, M+S (5&#215;112) Alum\u012bnijs"},"content":{"rendered":"<p>Nokomplekt\u0113ts ritenis 195\/65R15, 95T, M+S (5&#215;112) Alum\u012bnijs \u2014 karsti cinkots, metin\u0101ts r\u0101mis no S355 t\u0113rauda.<\/p>","protected":false},"excerpt":{"rendered":"<p>Nokomplekt\u0113ts ritenis 195\/65R15, 95T, M+S (5&#215;112) Alum\u012bnijs \u2014 karsti cinkots, metin\u0101ts r\u0101mis no S355 t\u0113rauda.<\/p>","protected":false},"featured_media":1079,"comment_status":"open","ping_status":"closed","template":"","meta":[],"product_brand":[],"product_cat":[256],"product_tag":[],"class_list":{"0":"post-1080","1":"product","2":"type-product","3":"status-publish","4":"has-post-thumbnail","6":"product_cat-riteni","8":"first","9":"instock","10":"shipping-taxable","11":"purchasable","12":"product-type-simple"},"_links":{"self":[{"href":"https:\/\/gatapiekabes.lv\/ru\/wp-json\/wp\/v2\/product\/1080","targetHints":{"allow":["GET"]}}],"collection":[{"href":"https:\/\/gatapiekabes.lv\/ru\/wp-json\/wp\/v2\/product"}],"about":[{"href":"https:\/\/gatapiekabes.lv\/ru\/wp-json\/wp\/v2\/types\/product"}],"replies":[{"embeddable":true,"href":"https:\/\/gatapiekabes.lv\/ru\/wp-json\/wp\/v2\/comments?post=1080"}],"wp:featuredmedia":[{"embeddable":true,"href":"https:\/\/gatapiekabes.lv\/ru\/wp-json\/wp\/v2\/media\/1079"}],"wp:attachment":[{"href":"https:\/\/gatapiekabes.lv\/ru\/wp-json\/wp\/v2\/media?parent=1080"}],"wp:term":[{"taxonomy":"product_brand","embeddable":true,"href":"https:\/\/gatapiekabes.lv\/ru\/wp-json\/wp\/v2\/product_brand?post=1080"},{"taxonomy":"product_cat","embeddable":true,"href":"https:\/\/gatapiekabes.lv\/ru\/wp-json\/wp\/v2\/product_cat?post=1080"},{"taxonomy":"product_tag","embeddable":true,"href":"https:\/\/gatapiekabes.lv\/ru\/wp-json\/wp\/v2\/product_tag?post=1080"}],"curies":[{"name":"wp","href":"https:\/\/api.w.org\/{rel}","templated":true}]}}