{"id":1100,"date":"2026-04-17T14:02:48","date_gmt":"2026-04-17T14:02:48","guid":{"rendered":"https:\/\/gatapiekabes.lv\/product\/kravas-nostiprinasanas-siksna-1000-2000kg-35mm-0555m\/"},"modified":"2026-04-23T18:25:02","modified_gmt":"2026-04-23T15:25:02","slug":"kravas-nostiprinasanas-siksna-1000-2000kg-35mm-0555m","status":"publish","type":"product","link":"https:\/\/gatapiekabes.lv\/ru\/product\/kravas-nostiprinasanas-siksna-1000-2000kg-35mm-0555m\/","title":{"rendered":"Kravas nostiprin\u0101\u0161anas siksna 1000\/2000kg, 35mm, 0,5+5,5m"},"content":{"rendered":"<p>Kravas nostiprin\u0101\u0161anas siksna 1000\/2000kg, 35mm, 0,5+5,5m \u2014 karsti cinkots, metin\u0101ts r\u0101mis no S355 t\u0113rauda.<\/p>","protected":false},"excerpt":{"rendered":"<p>Kravas nostiprin\u0101\u0161anas siksna 1000\/2000kg, 35mm, 0,5+5,5m \u2014 karsti cinkots, metin\u0101ts r\u0101mis no S355 t\u0113rauda.<\/p>","protected":false},"featured_media":1099,"comment_status":"open","ping_status":"closed","template":"","meta":[],"product_brand":[],"product_cat":[272],"product_tag":[],"class_list":{"0":"post-1100","1":"product","2":"type-product","3":"status-publish","4":"has-post-thumbnail","6":"product_cat-kravas-siksnas","8":"first","9":"instock","10":"shipping-taxable","11":"purchasable","12":"product-type-simple"},"_links":{"self":[{"href":"https:\/\/gatapiekabes.lv\/ru\/wp-json\/wp\/v2\/product\/1100","targetHints":{"allow":["GET"]}}],"collection":[{"href":"https:\/\/gatapiekabes.lv\/ru\/wp-json\/wp\/v2\/product"}],"about":[{"href":"https:\/\/gatapiekabes.lv\/ru\/wp-json\/wp\/v2\/types\/product"}],"replies":[{"embeddable":true,"href":"https:\/\/gatapiekabes.lv\/ru\/wp-json\/wp\/v2\/comments?post=1100"}],"wp:featuredmedia":[{"embeddable":true,"href":"https:\/\/gatapiekabes.lv\/ru\/wp-json\/wp\/v2\/media\/1099"}],"wp:attachment":[{"href":"https:\/\/gatapiekabes.lv\/ru\/wp-json\/wp\/v2\/media?parent=1100"}],"wp:term":[{"taxonomy":"product_brand","embeddable":true,"href":"https:\/\/gatapiekabes.lv\/ru\/wp-json\/wp\/v2\/product_brand?post=1100"},{"taxonomy":"product_cat","embeddable":true,"href":"https:\/\/gatapiekabes.lv\/ru\/wp-json\/wp\/v2\/product_cat?post=1100"},{"taxonomy":"product_tag","embeddable":true,"href":"https:\/\/gatapiekabes.lv\/ru\/wp-json\/wp\/v2\/product_tag?post=1100"}],"curies":[{"name":"wp","href":"https:\/\/api.w.org\/{rel}","templated":true}]}}