{"id":1117,"date":"2026-04-17T17:02:57","date_gmt":"2026-04-17T14:02:57","guid":{"rendered":"https:\/\/gatapiekabes.lv\/product\/riepa-ar-radzem-185r14c-900kg\/"},"modified":"2026-04-23T18:25:02","modified_gmt":"2026-04-23T15:25:02","slug":"riepa-ar-radzem-185r14c-900kg","status":"publish","type":"product","link":"https:\/\/gatapiekabes.lv\/ru\/product\/riepa-ar-radzem-185r14c-900kg\/","title":{"rendered":"Riepa ar radz\u0113m 185R14C 900kg"},"content":{"rendered":"<p>Riepa ar tr\u012bs kalnu virsot\u0146u un sniegp\u0101rslas mar\u0137\u0113jumu, t.i. 3PMFS<\/p>","protected":false},"excerpt":{"rendered":"<p>Riepa ar tr\u012bs kalnu virsot\u0146u un sniegp\u0101rslas mar\u0137\u0113jumu, t.i. 3PMFS<\/p>","protected":false},"featured_media":1115,"comment_status":"open","ping_status":"closed","template":"","meta":[],"product_brand":[],"product_cat":[273],"product_tag":[],"class_list":{"0":"post-1117","1":"product","2":"type-product","3":"status-publish","4":"has-post-thumbnail","6":"product_cat-riepas","8":"first","9":"instock","10":"shipping-taxable","11":"purchasable","12":"product-type-simple"},"_links":{"self":[{"href":"https:\/\/gatapiekabes.lv\/ru\/wp-json\/wp\/v2\/product\/1117","targetHints":{"allow":["GET"]}}],"collection":[{"href":"https:\/\/gatapiekabes.lv\/ru\/wp-json\/wp\/v2\/product"}],"about":[{"href":"https:\/\/gatapiekabes.lv\/ru\/wp-json\/wp\/v2\/types\/product"}],"replies":[{"embeddable":true,"href":"https:\/\/gatapiekabes.lv\/ru\/wp-json\/wp\/v2\/comments?post=1117"}],"wp:featuredmedia":[{"embeddable":true,"href":"https:\/\/gatapiekabes.lv\/ru\/wp-json\/wp\/v2\/media\/1115"}],"wp:attachment":[{"href":"https:\/\/gatapiekabes.lv\/ru\/wp-json\/wp\/v2\/media?parent=1117"}],"wp:term":[{"taxonomy":"product_brand","embeddable":true,"href":"https:\/\/gatapiekabes.lv\/ru\/wp-json\/wp\/v2\/product_brand?post=1117"},{"taxonomy":"product_cat","embeddable":true,"href":"https:\/\/gatapiekabes.lv\/ru\/wp-json\/wp\/v2\/product_cat?post=1117"},{"taxonomy":"product_tag","embeddable":true,"href":"https:\/\/gatapiekabes.lv\/ru\/wp-json\/wp\/v2\/product_tag?post=1117"}],"curies":[{"name":"wp","href":"https:\/\/api.w.org\/{rel}","templated":true}]}}