{"id":1123,"date":"2026-04-17T14:03:00","date_gmt":"2026-04-17T14:03:00","guid":{"rendered":"https:\/\/gatapiekabes.lv\/product\/gala-borta-kedes-stiprinajums-2-komplekti\/"},"modified":"2026-04-23T18:25:03","modified_gmt":"2026-04-23T15:25:03","slug":"gala-borta-kedes-stiprinajums-2-komplekti","status":"publish","type":"product","link":"https:\/\/gatapiekabes.lv\/ru\/product\/gala-borta-kedes-stiprinajums-2-komplekti\/","title":{"rendered":"Gala borta \u0137\u0113des stiprin\u0101jums (2 komplekti)"},"content":{"rendered":"<p>Piem\u0113rots uzst\u0101d\u012b\u0161anai uz visiem N s\u0113rijas gala bortiem ar augstumu 0,4 m. Borta atv\u0113ruma le\u0146\u0137i var main\u012bt, p\u0101rvietojot karab\u012bni uz da\u017e\u0101diem \u0137\u0113des posmiem. Atv\u0113rt\u0101 st\u0101vokl\u012b borts atrodas vien\u0101 plakn\u0113 ar piekabes gr\u012bdu, ja starp karab\u012bn\u0113m ir 12 \u0137\u0113des posmi. Lai izmantotu \u0137\u0113di piekabes novieto\u0161anai sasv\u0113rt\u0101 st\u0101vokl\u012b, starp karab\u012bn\u0113m j\u0101b\u016bt 16 \u0137\u0113des posmiem.NB! Neizmantot bortu k\u0101 uzbraucamo laipu, ja borts balst\u0101s uz \u0137\u0113d\u0113m!<\/p>","protected":false},"excerpt":{"rendered":"<p>Piem\u0113rots uzst\u0101d\u012b\u0161anai uz visiem N s\u0113rijas gala bortiem ar augstumu 0,4 m.<\/p>","protected":false},"featured_media":1122,"comment_status":"open","ping_status":"closed","template":"","meta":[],"product_brand":[],"product_cat":[73],"product_tag":[],"class_list":{"0":"post-1123","1":"product","2":"type-product","3":"status-publish","4":"has-post-thumbnail","6":"product_cat-piekabes-slipums-un-uzbrauksana","8":"first","9":"instock","10":"shipping-taxable","11":"purchasable","12":"product-type-simple"},"_links":{"self":[{"href":"https:\/\/gatapiekabes.lv\/ru\/wp-json\/wp\/v2\/product\/1123","targetHints":{"allow":["GET"]}}],"collection":[{"href":"https:\/\/gatapiekabes.lv\/ru\/wp-json\/wp\/v2\/product"}],"about":[{"href":"https:\/\/gatapiekabes.lv\/ru\/wp-json\/wp\/v2\/types\/product"}],"replies":[{"embeddable":true,"href":"https:\/\/gatapiekabes.lv\/ru\/wp-json\/wp\/v2\/comments?post=1123"}],"wp:featuredmedia":[{"embeddable":true,"href":"https:\/\/gatapiekabes.lv\/ru\/wp-json\/wp\/v2\/media\/1122"}],"wp:attachment":[{"href":"https:\/\/gatapiekabes.lv\/ru\/wp-json\/wp\/v2\/media?parent=1123"}],"wp:term":[{"taxonomy":"product_brand","embeddable":true,"href":"https:\/\/gatapiekabes.lv\/ru\/wp-json\/wp\/v2\/product_brand?post=1123"},{"taxonomy":"product_cat","embeddable":true,"href":"https:\/\/gatapiekabes.lv\/ru\/wp-json\/wp\/v2\/product_cat?post=1123"},{"taxonomy":"product_tag","embeddable":true,"href":"https:\/\/gatapiekabes.lv\/ru\/wp-json\/wp\/v2\/product_tag?post=1123"}],"curies":[{"name":"wp","href":"https:\/\/api.w.org\/{rel}","templated":true}]}}