{"id":1191,"date":"2026-04-21T15:04:33","date_gmt":"2026-04-21T12:04:33","guid":{"rendered":"https:\/\/gatapiekabes.lv\/product\/pludmales-piekabe-bren-500be\/"},"modified":"2026-04-23T18:25:03","modified_gmt":"2026-04-23T15:25:03","slug":"pludmales-piekabe-bren-500be","status":"publish","type":"product","link":"https:\/\/gatapiekabes.lv\/ru\/product\/pludmales-piekabe-bren-500be\/","title":{"rendered":"BREN-500BE"},"content":{"rendered":"<p>Atbalsta ritenis 150 kg Karsti cinkots, metin\u0101ts r\u0101mis &#8211; S355 t\u0113rauds Regul\u0113jams vin\u010das stat\u012bvs un priek\u0161gala stiprin\u0101jums Rite\u0146i ar M+S riep\u0101m Vin\u010da 800kg \u0136\u012b\u013ca r\u016bl\u012b\u0161iem ir regul\u0113jams augstums un poz\u012bcija<\/p>","protected":false},"excerpt":{"rendered":"<p>Atbalsta ritenis 150 kg Karsti cinkots, metin\u0101ts r\u0101mis &#8211; S355 t\u0113rauds Regul\u0113jams vin\u010das stat\u012bvs un priek\u0161gala stiprin\u0101jums Rite\u0146i ar M+S riep\u0101m Vin\u010da 800kg \u0136&#8230;<\/p>","protected":false},"featured_media":1190,"comment_status":"open","ping_status":"closed","template":"","meta":[],"product_brand":[],"product_cat":[282],"product_tag":[],"class_list":{"0":"post-1191","1":"product","2":"type-product","3":"status-publish","4":"has-post-thumbnail","6":"product_cat-pludmales-piekabes","7":"pa_bremzes-bez-bremzem","8":"pa_celtspeja-800-kg","9":"pa_maksimalais-laivas-garums-4-8-m","10":"pa_pilna-masa-1000-kg","12":"first","13":"instock","14":"shipping-taxable","15":"purchasable","16":"product-type-simple"},"_links":{"self":[{"href":"https:\/\/gatapiekabes.lv\/ru\/wp-json\/wp\/v2\/product\/1191","targetHints":{"allow":["GET"]}}],"collection":[{"href":"https:\/\/gatapiekabes.lv\/ru\/wp-json\/wp\/v2\/product"}],"about":[{"href":"https:\/\/gatapiekabes.lv\/ru\/wp-json\/wp\/v2\/types\/product"}],"replies":[{"embeddable":true,"href":"https:\/\/gatapiekabes.lv\/ru\/wp-json\/wp\/v2\/comments?post=1191"}],"wp:featuredmedia":[{"embeddable":true,"href":"https:\/\/gatapiekabes.lv\/ru\/wp-json\/wp\/v2\/media\/1190"}],"wp:attachment":[{"href":"https:\/\/gatapiekabes.lv\/ru\/wp-json\/wp\/v2\/media?parent=1191"}],"wp:term":[{"taxonomy":"product_brand","embeddable":true,"href":"https:\/\/gatapiekabes.lv\/ru\/wp-json\/wp\/v2\/product_brand?post=1191"},{"taxonomy":"product_cat","embeddable":true,"href":"https:\/\/gatapiekabes.lv\/ru\/wp-json\/wp\/v2\/product_cat?post=1191"},{"taxonomy":"product_tag","embeddable":true,"href":"https:\/\/gatapiekabes.lv\/ru\/wp-json\/wp\/v2\/product_tag?post=1191"}],"curies":[{"name":"wp","href":"https:\/\/api.w.org\/{rel}","templated":true}]}}