{"id":1284,"date":"2026-04-27T17:06:09","date_gmt":"2026-04-27T14:06:09","guid":{"rendered":"https:\/\/gatapiekabes.lv\/product\/jugstiena-sija-80x40-grupa-2-p-v-2715n-3015n-3315n\/"},"modified":"2026-04-28T14:49:42","modified_gmt":"2026-04-28T11:49:42","slug":"jugstiena-sija-80x40-grupa-2-p-v-2715n-3015n-3315n","status":"publish","type":"product","link":"https:\/\/gatapiekabes.lv\/ru\/product\/jugstiena-sija-80x40-grupa-2-p-v-2715n-3015n-3315n\/","title":{"rendered":"J\u016bgstie\u0146a sija 80\u00d740, grupa\u202f2, P\/V, 2715N, 3015N, 3315N"},"content":{"rendered":"","protected":false},"excerpt":{"rendered":"","protected":false},"featured_media":0,"comment_status":"open","ping_status":"closed","template":"","meta":[],"product_brand":[],"product_cat":[299],"product_tag":[],"class_list":{"0":"post-1284","1":"product","2":"type-product","3":"status-publish","5":"product_cat-jugstieni","7":"first","8":"instock","9":"shipping-taxable","10":"purchasable","11":"product-type-simple"},"_links":{"self":[{"href":"https:\/\/gatapiekabes.lv\/ru\/wp-json\/wp\/v2\/product\/1284","targetHints":{"allow":["GET"]}}],"collection":[{"href":"https:\/\/gatapiekabes.lv\/ru\/wp-json\/wp\/v2\/product"}],"about":[{"href":"https:\/\/gatapiekabes.lv\/ru\/wp-json\/wp\/v2\/types\/product"}],"replies":[{"embeddable":true,"href":"https:\/\/gatapiekabes.lv\/ru\/wp-json\/wp\/v2\/comments?post=1284"}],"wp:attachment":[{"href":"https:\/\/gatapiekabes.lv\/ru\/wp-json\/wp\/v2\/media?parent=1284"}],"wp:term":[{"taxonomy":"product_brand","embeddable":true,"href":"https:\/\/gatapiekabes.lv\/ru\/wp-json\/wp\/v2\/product_brand?post=1284"},{"taxonomy":"product_cat","embeddable":true,"href":"https:\/\/gatapiekabes.lv\/ru\/wp-json\/wp\/v2\/product_cat?post=1284"},{"taxonomy":"product_tag","embeddable":true,"href":"https:\/\/gatapiekabes.lv\/ru\/wp-json\/wp\/v2\/product_tag?post=1284"}],"curies":[{"name":"wp","href":"https:\/\/api.w.org\/{rel}","templated":true}]}}