{"id":1287,"date":"2026-04-27T17:06:10","date_gmt":"2026-04-27T14:06:10","guid":{"rendered":"https:\/\/gatapiekabes.lv\/product\/starpstiena-sija-jugstienim-80x40-l-820-mm-grupa-1-2612-n\/"},"modified":"2026-04-28T14:49:43","modified_gmt":"2026-04-28T11:49:43","slug":"starpstiena-sija-jugstienim-80x40-l-820-mm-grupa-1-2612-n","status":"publish","type":"product","link":"https:\/\/gatapiekabes.lv\/ru\/product\/starpstiena-sija-jugstienim-80x40-l-820-mm-grupa-1-2612-n\/","title":{"rendered":"Starpstie\u0146a sija j\u016bgstienim 80\u00d740, L\u202f820\u202fmm, grupa\u202f1, 2612\u202fN"},"content":{"rendered":"","protected":false},"excerpt":{"rendered":"","protected":false},"featured_media":0,"comment_status":"open","ping_status":"closed","template":"","meta":[],"product_brand":[],"product_cat":[299],"product_tag":[],"class_list":{"0":"post-1287","1":"product","2":"type-product","3":"status-publish","5":"product_cat-jugstieni","7":"first","8":"instock","9":"shipping-taxable","10":"purchasable","11":"product-type-simple"},"_links":{"self":[{"href":"https:\/\/gatapiekabes.lv\/ru\/wp-json\/wp\/v2\/product\/1287","targetHints":{"allow":["GET"]}}],"collection":[{"href":"https:\/\/gatapiekabes.lv\/ru\/wp-json\/wp\/v2\/product"}],"about":[{"href":"https:\/\/gatapiekabes.lv\/ru\/wp-json\/wp\/v2\/types\/product"}],"replies":[{"embeddable":true,"href":"https:\/\/gatapiekabes.lv\/ru\/wp-json\/wp\/v2\/comments?post=1287"}],"wp:attachment":[{"href":"https:\/\/gatapiekabes.lv\/ru\/wp-json\/wp\/v2\/media?parent=1287"}],"wp:term":[{"taxonomy":"product_brand","embeddable":true,"href":"https:\/\/gatapiekabes.lv\/ru\/wp-json\/wp\/v2\/product_brand?post=1287"},{"taxonomy":"product_cat","embeddable":true,"href":"https:\/\/gatapiekabes.lv\/ru\/wp-json\/wp\/v2\/product_cat?post=1287"},{"taxonomy":"product_tag","embeddable":true,"href":"https:\/\/gatapiekabes.lv\/ru\/wp-json\/wp\/v2\/product_tag?post=1287"}],"curies":[{"name":"wp","href":"https:\/\/api.w.org\/{rel}","templated":true}]}}