{"id":1301,"date":"2026-04-27T17:06:19","date_gmt":"2026-04-27T14:06:19","guid":{"rendered":"https:\/\/gatapiekabes.lv\/product\/tilta-sija-ar-rumbam-1-8m-piekabe-ar-bremzem-14-knott-n-serija\/"},"modified":"2026-04-28T14:49:43","modified_gmt":"2026-04-28T11:49:43","slug":"tilta-sija-ar-rumbam-1-8m-piekabe-ar-bremzem-14-knott-n-serija","status":"publish","type":"product","link":"https:\/\/gatapiekabes.lv\/ru\/product\/tilta-sija-ar-rumbam-1-8m-piekabe-ar-bremzem-14-knott-n-serija\/","title":{"rendered":"Tilta sija ar rumb\u0101m 1.8m &#8211; Piekabe ar bremz\u0113m 14&#8243;, KNOTT (N s\u0113rija)"},"content":{"rendered":"","protected":false},"excerpt":{"rendered":"","protected":false},"featured_media":1300,"comment_status":"open","ping_status":"closed","template":"","meta":[],"product_brand":[],"product_cat":[300],"product_tag":[],"class_list":{"0":"post-1301","1":"product","2":"type-product","3":"status-publish","4":"has-post-thumbnail","6":"product_cat-tilti","8":"first","9":"instock","10":"shipping-taxable","11":"purchasable","12":"product-type-simple"},"_links":{"self":[{"href":"https:\/\/gatapiekabes.lv\/ru\/wp-json\/wp\/v2\/product\/1301","targetHints":{"allow":["GET"]}}],"collection":[{"href":"https:\/\/gatapiekabes.lv\/ru\/wp-json\/wp\/v2\/product"}],"about":[{"href":"https:\/\/gatapiekabes.lv\/ru\/wp-json\/wp\/v2\/types\/product"}],"replies":[{"embeddable":true,"href":"https:\/\/gatapiekabes.lv\/ru\/wp-json\/wp\/v2\/comments?post=1301"}],"wp:featuredmedia":[{"embeddable":true,"href":"https:\/\/gatapiekabes.lv\/ru\/wp-json\/wp\/v2\/media\/1300"}],"wp:attachment":[{"href":"https:\/\/gatapiekabes.lv\/ru\/wp-json\/wp\/v2\/media?parent=1301"}],"wp:term":[{"taxonomy":"product_brand","embeddable":true,"href":"https:\/\/gatapiekabes.lv\/ru\/wp-json\/wp\/v2\/product_brand?post=1301"},{"taxonomy":"product_cat","embeddable":true,"href":"https:\/\/gatapiekabes.lv\/ru\/wp-json\/wp\/v2\/product_cat?post=1301"},{"taxonomy":"product_tag","embeddable":true,"href":"https:\/\/gatapiekabes.lv\/ru\/wp-json\/wp\/v2\/product_tag?post=1301"}],"curies":[{"name":"wp","href":"https:\/\/api.w.org\/{rel}","templated":true}]}}