{"id":1303,"date":"2026-04-27T17:06:20","date_gmt":"2026-04-27T14:06:20","guid":{"rendered":"https:\/\/gatapiekabes.lv\/product\/tilta-sija-ar-rumbam-750kg-bren-450b-450bs\/"},"modified":"2026-04-28T14:49:43","modified_gmt":"2026-04-28T11:49:43","slug":"tilta-sija-ar-rumbam-750kg-bren-450b-450bs","status":"publish","type":"product","link":"https:\/\/gatapiekabes.lv\/ru\/product\/tilta-sija-ar-rumbam-750kg-bren-450b-450bs\/","title":{"rendered":"Tilta sija ar rumb\u0101m 750kg, BREN-450B\/450BS"},"content":{"rendered":"<div class=\"description\">\n<p>Tilta sijas komplekts ar KNOTT \u016bdensnecaurlaid\u012bg\u0101m rumb\u0101m. Piem\u0113rots laivas piekabei BREN-450B, BREN-450BS.<\/p>\n<\/div>","protected":false},"excerpt":{"rendered":"<p>Tilta sijas komplekts ar KNOTT \u016bdensnecaurlaid\u012bg\u0101m rumb\u0101m. Piem\u0113rots laivas piekabei BREN-450B, BREN-450BS.<\/p>","protected":false},"featured_media":1302,"comment_status":"open","ping_status":"closed","template":"","meta":[],"product_brand":[],"product_cat":[300],"product_tag":[],"class_list":{"0":"post-1303","1":"product","2":"type-product","3":"status-publish","4":"has-post-thumbnail","6":"product_cat-tilti","8":"first","9":"instock","10":"shipping-taxable","11":"purchasable","12":"product-type-simple"},"_links":{"self":[{"href":"https:\/\/gatapiekabes.lv\/ru\/wp-json\/wp\/v2\/product\/1303","targetHints":{"allow":["GET"]}}],"collection":[{"href":"https:\/\/gatapiekabes.lv\/ru\/wp-json\/wp\/v2\/product"}],"about":[{"href":"https:\/\/gatapiekabes.lv\/ru\/wp-json\/wp\/v2\/types\/product"}],"replies":[{"embeddable":true,"href":"https:\/\/gatapiekabes.lv\/ru\/wp-json\/wp\/v2\/comments?post=1303"}],"wp:featuredmedia":[{"embeddable":true,"href":"https:\/\/gatapiekabes.lv\/ru\/wp-json\/wp\/v2\/media\/1302"}],"wp:attachment":[{"href":"https:\/\/gatapiekabes.lv\/ru\/wp-json\/wp\/v2\/media?parent=1303"}],"wp:term":[{"taxonomy":"product_brand","embeddable":true,"href":"https:\/\/gatapiekabes.lv\/ru\/wp-json\/wp\/v2\/product_brand?post=1303"},{"taxonomy":"product_cat","embeddable":true,"href":"https:\/\/gatapiekabes.lv\/ru\/wp-json\/wp\/v2\/product_cat?post=1303"},{"taxonomy":"product_tag","embeddable":true,"href":"https:\/\/gatapiekabes.lv\/ru\/wp-json\/wp\/v2\/product_tag?post=1303"}],"curies":[{"name":"wp","href":"https:\/\/api.w.org\/{rel}","templated":true}]}}