{"id":1340,"date":"2026-04-27T17:06:39","date_gmt":"2026-04-27T14:06:39","guid":{"rendered":"https:\/\/gatapiekabes.lv\/product\/pusstura-plastmasas-sparns-l-200-mm-ar-dublusargu-labais\/"},"modified":"2026-04-28T14:49:44","modified_gmt":"2026-04-28T11:49:44","slug":"pusstura-plastmasas-sparns-l-200-mm-ar-dublusargu-labais","status":"publish","type":"product","link":"https:\/\/gatapiekabes.lv\/ru\/product\/pusstura-plastmasas-sparns-l-200-mm-ar-dublusargu-labais\/","title":{"rendered":"Pusst\u016bra plastmasas sp\u0101rns, L-200 mm, ar dub\u013cusargu (Labais)"},"content":{"rendered":"","protected":false},"excerpt":{"rendered":"","protected":false},"featured_media":0,"comment_status":"open","ping_status":"closed","template":"","meta":[],"product_brand":[],"product_cat":[336],"product_tag":[],"class_list":{"0":"post-1340","1":"product","2":"type-product","3":"status-publish","5":"product_cat-sparni-un-dublusargi","7":"first","8":"instock","9":"shipping-taxable","10":"purchasable","11":"product-type-simple"},"_links":{"self":[{"href":"https:\/\/gatapiekabes.lv\/ru\/wp-json\/wp\/v2\/product\/1340","targetHints":{"allow":["GET"]}}],"collection":[{"href":"https:\/\/gatapiekabes.lv\/ru\/wp-json\/wp\/v2\/product"}],"about":[{"href":"https:\/\/gatapiekabes.lv\/ru\/wp-json\/wp\/v2\/types\/product"}],"replies":[{"embeddable":true,"href":"https:\/\/gatapiekabes.lv\/ru\/wp-json\/wp\/v2\/comments?post=1340"}],"wp:attachment":[{"href":"https:\/\/gatapiekabes.lv\/ru\/wp-json\/wp\/v2\/media?parent=1340"}],"wp:term":[{"taxonomy":"product_brand","embeddable":true,"href":"https:\/\/gatapiekabes.lv\/ru\/wp-json\/wp\/v2\/product_brand?post=1340"},{"taxonomy":"product_cat","embeddable":true,"href":"https:\/\/gatapiekabes.lv\/ru\/wp-json\/wp\/v2\/product_cat?post=1340"},{"taxonomy":"product_tag","embeddable":true,"href":"https:\/\/gatapiekabes.lv\/ru\/wp-json\/wp\/v2\/product_tag?post=1340"}],"curies":[{"name":"wp","href":"https:\/\/api.w.org\/{rel}","templated":true}]}}