{"id":1344,"date":"2026-04-27T17:06:40","date_gmt":"2026-04-27T14:06:40","guid":{"rendered":"https:\/\/gatapiekabes.lv\/product\/metala-sparns-14-tandems-220x2040x375-knott-ar-caurumiem-kreisais\/"},"modified":"2026-04-28T14:49:44","modified_gmt":"2026-04-28T11:49:44","slug":"metala-sparns-14-tandems-220x2040x375-knott-ar-caurumiem-kreisais","status":"publish","type":"product","link":"https:\/\/gatapiekabes.lv\/ru\/product\/metala-sparns-14-tandems-220x2040x375-knott-ar-caurumiem-kreisais\/","title":{"rendered":"Met\u0101la sp\u0101rns 14&#8243; (tand\u0113ms), 220x2040x375 &#8211; KNOTT (ar caurumiem\/Kreisais)"},"content":{"rendered":"","protected":false},"excerpt":{"rendered":"","protected":false},"featured_media":0,"comment_status":"open","ping_status":"closed","template":"","meta":[],"product_brand":[],"product_cat":[336],"product_tag":[],"class_list":{"0":"post-1344","1":"product","2":"type-product","3":"status-publish","5":"product_cat-sparni-un-dublusargi","7":"first","8":"instock","9":"shipping-taxable","10":"purchasable","11":"product-type-simple"},"_links":{"self":[{"href":"https:\/\/gatapiekabes.lv\/ru\/wp-json\/wp\/v2\/product\/1344","targetHints":{"allow":["GET"]}}],"collection":[{"href":"https:\/\/gatapiekabes.lv\/ru\/wp-json\/wp\/v2\/product"}],"about":[{"href":"https:\/\/gatapiekabes.lv\/ru\/wp-json\/wp\/v2\/types\/product"}],"replies":[{"embeddable":true,"href":"https:\/\/gatapiekabes.lv\/ru\/wp-json\/wp\/v2\/comments?post=1344"}],"wp:attachment":[{"href":"https:\/\/gatapiekabes.lv\/ru\/wp-json\/wp\/v2\/media?parent=1344"}],"wp:term":[{"taxonomy":"product_brand","embeddable":true,"href":"https:\/\/gatapiekabes.lv\/ru\/wp-json\/wp\/v2\/product_brand?post=1344"},{"taxonomy":"product_cat","embeddable":true,"href":"https:\/\/gatapiekabes.lv\/ru\/wp-json\/wp\/v2\/product_cat?post=1344"},{"taxonomy":"product_tag","embeddable":true,"href":"https:\/\/gatapiekabes.lv\/ru\/wp-json\/wp\/v2\/product_tag?post=1344"}],"curies":[{"name":"wp","href":"https:\/\/api.w.org\/{rel}","templated":true}]}}