{"id":1349,"date":"2026-04-27T17:06:41","date_gmt":"2026-04-27T14:06:41","guid":{"rendered":"https:\/\/gatapiekabes.lv\/product\/vinca-ar-kronsteinu-800-kg-n-series\/"},"modified":"2026-04-28T14:49:44","modified_gmt":"2026-04-28T11:49:44","slug":"vinca-ar-kronsteinu-800-kg-n-series","status":"publish","type":"product","link":"https:\/\/gatapiekabes.lv\/ru\/product\/vinca-ar-kronsteinu-800-kg-n-series\/","title":{"rendered":"Vin\u010da ar kron\u0161teinu, 800 kg &#8211; N-series"},"content":{"rendered":"<div class=\"description\">\n<p>Piem\u0113rots uzst\u0101d\u012b\u0161anai uz vis\u0101m N s\u0113rijas piekab\u0113m.<\/p>\n<\/div>","protected":false},"excerpt":{"rendered":"<p>Piem\u0113rots uzst\u0101d\u012b\u0161anai uz vis\u0101m N s\u0113rijas piekab\u0113m.<\/p>","protected":false},"featured_media":1348,"comment_status":"open","ping_status":"closed","template":"","meta":[],"product_brand":[],"product_cat":[355],"product_tag":[],"class_list":{"0":"post-1349","1":"product","2":"type-product","3":"status-publish","4":"has-post-thumbnail","6":"product_cat-vincas-un-vincas-kronsteins-aprikojums","8":"first","9":"instock","10":"shipping-taxable","11":"purchasable","12":"product-type-simple"},"_links":{"self":[{"href":"https:\/\/gatapiekabes.lv\/ru\/wp-json\/wp\/v2\/product\/1349","targetHints":{"allow":["GET"]}}],"collection":[{"href":"https:\/\/gatapiekabes.lv\/ru\/wp-json\/wp\/v2\/product"}],"about":[{"href":"https:\/\/gatapiekabes.lv\/ru\/wp-json\/wp\/v2\/types\/product"}],"replies":[{"embeddable":true,"href":"https:\/\/gatapiekabes.lv\/ru\/wp-json\/wp\/v2\/comments?post=1349"}],"wp:featuredmedia":[{"embeddable":true,"href":"https:\/\/gatapiekabes.lv\/ru\/wp-json\/wp\/v2\/media\/1348"}],"wp:attachment":[{"href":"https:\/\/gatapiekabes.lv\/ru\/wp-json\/wp\/v2\/media?parent=1349"}],"wp:term":[{"taxonomy":"product_brand","embeddable":true,"href":"https:\/\/gatapiekabes.lv\/ru\/wp-json\/wp\/v2\/product_brand?post=1349"},{"taxonomy":"product_cat","embeddable":true,"href":"https:\/\/gatapiekabes.lv\/ru\/wp-json\/wp\/v2\/product_cat?post=1349"},{"taxonomy":"product_tag","embeddable":true,"href":"https:\/\/gatapiekabes.lv\/ru\/wp-json\/wp\/v2\/product_tag?post=1349"}],"curies":[{"name":"wp","href":"https:\/\/api.w.org\/{rel}","templated":true}]}}