{"id":1382,"date":"2026-04-27T17:06:54","date_gmt":"2026-04-27T14:06:54","guid":{"rendered":"https:\/\/gatapiekabes.lv\/product\/plastikata-vaka-mehanisma-komplekts-1-5m-l182\/"},"modified":"2026-04-28T14:49:46","modified_gmt":"2026-04-28T11:49:46","slug":"plastikata-vaka-mehanisma-komplekts-1-5m-l182","status":"publish","type":"product","link":"https:\/\/gatapiekabes.lv\/ru\/product\/plastikata-vaka-mehanisma-komplekts-1-5m-l182\/","title":{"rendered":"Plastik\u0101ta v\u0101ka meh\u0101nisma komplekts 1.5m, L182"},"content":{"rendered":"<div class=\"description\">\n<p>Piem\u0113rots piekabju mode\u013ciem: BREN-3015\/3215\/3515\/325P\/350P, BREN-3015N\/3015-1P\/3015-2P\/3315N\/3515N\/3515-1P\/3515-2P.\u00a0<\/p>\n<\/div>","protected":false},"excerpt":{"rendered":"<p>Piem\u0113rots piekabju mode\u013ciem: BREN-3015\/3215\/3515\/325P\/350P, BREN-3015N\/3015-1P\/3015-2P\/3315N\/3515N\/3515-1P\/3515-2P.<\/p>","protected":false},"featured_media":1381,"comment_status":"open","ping_status":"closed","template":"","meta":[],"product_brand":[],"product_cat":[308],"product_tag":[],"class_list":{"0":"post-1382","1":"product","2":"type-product","3":"status-publish","4":"has-post-thumbnail","6":"product_cat-plastikata-vaku-detalas","8":"first","9":"instock","10":"shipping-taxable","11":"purchasable","12":"product-type-simple"},"_links":{"self":[{"href":"https:\/\/gatapiekabes.lv\/ru\/wp-json\/wp\/v2\/product\/1382","targetHints":{"allow":["GET"]}}],"collection":[{"href":"https:\/\/gatapiekabes.lv\/ru\/wp-json\/wp\/v2\/product"}],"about":[{"href":"https:\/\/gatapiekabes.lv\/ru\/wp-json\/wp\/v2\/types\/product"}],"replies":[{"embeddable":true,"href":"https:\/\/gatapiekabes.lv\/ru\/wp-json\/wp\/v2\/comments?post=1382"}],"wp:featuredmedia":[{"embeddable":true,"href":"https:\/\/gatapiekabes.lv\/ru\/wp-json\/wp\/v2\/media\/1381"}],"wp:attachment":[{"href":"https:\/\/gatapiekabes.lv\/ru\/wp-json\/wp\/v2\/media?parent=1382"}],"wp:term":[{"taxonomy":"product_brand","embeddable":true,"href":"https:\/\/gatapiekabes.lv\/ru\/wp-json\/wp\/v2\/product_brand?post=1382"},{"taxonomy":"product_cat","embeddable":true,"href":"https:\/\/gatapiekabes.lv\/ru\/wp-json\/wp\/v2\/product_cat?post=1382"},{"taxonomy":"product_tag","embeddable":true,"href":"https:\/\/gatapiekabes.lv\/ru\/wp-json\/wp\/v2\/product_tag?post=1382"}],"curies":[{"name":"wp","href":"https:\/\/api.w.org\/{rel}","templated":true}]}}