{"id":1384,"date":"2026-04-27T17:06:55","date_gmt":"2026-04-27T14:06:55","guid":{"rendered":"https:\/\/gatapiekabes.lv\/product\/plastikata-vaka-mehanisma-komplekts-1-5m-l180\/"},"modified":"2026-04-28T14:49:46","modified_gmt":"2026-04-28T11:49:46","slug":"plastikata-vaka-mehanisma-komplekts-1-5m-l180","status":"publish","type":"product","link":"https:\/\/gatapiekabes.lv\/ru\/product\/plastikata-vaka-mehanisma-komplekts-1-5m-l180\/","title":{"rendered":"Plastik\u0101ta v\u0101ka meh\u0101nisma komplekts 1.5m, L180"},"content":{"rendered":"<div class=\"description\">\n<p>Piem\u0113rots piekabju mode\u013ciem: BREN-2512\/2715\/2715P, BREN-2612N\/2612-1P\/2715N.<\/p>\n<\/div>","protected":false},"excerpt":{"rendered":"<p>Piem\u0113rots piekabju mode\u013ciem: BREN-2512\/2715\/2715P, BREN-2612N\/2612-1P\/2715N.<\/p>","protected":false},"featured_media":1383,"comment_status":"open","ping_status":"closed","template":"","meta":[],"product_brand":[],"product_cat":[308],"product_tag":[],"class_list":{"0":"post-1384","1":"product","2":"type-product","3":"status-publish","4":"has-post-thumbnail","6":"product_cat-plastikata-vaku-detalas","8":"first","9":"instock","10":"shipping-taxable","11":"purchasable","12":"product-type-simple"},"_links":{"self":[{"href":"https:\/\/gatapiekabes.lv\/ru\/wp-json\/wp\/v2\/product\/1384","targetHints":{"allow":["GET"]}}],"collection":[{"href":"https:\/\/gatapiekabes.lv\/ru\/wp-json\/wp\/v2\/product"}],"about":[{"href":"https:\/\/gatapiekabes.lv\/ru\/wp-json\/wp\/v2\/types\/product"}],"replies":[{"embeddable":true,"href":"https:\/\/gatapiekabes.lv\/ru\/wp-json\/wp\/v2\/comments?post=1384"}],"wp:featuredmedia":[{"embeddable":true,"href":"https:\/\/gatapiekabes.lv\/ru\/wp-json\/wp\/v2\/media\/1383"}],"wp:attachment":[{"href":"https:\/\/gatapiekabes.lv\/ru\/wp-json\/wp\/v2\/media?parent=1384"}],"wp:term":[{"taxonomy":"product_brand","embeddable":true,"href":"https:\/\/gatapiekabes.lv\/ru\/wp-json\/wp\/v2\/product_brand?post=1384"},{"taxonomy":"product_cat","embeddable":true,"href":"https:\/\/gatapiekabes.lv\/ru\/wp-json\/wp\/v2\/product_cat?post=1384"},{"taxonomy":"product_tag","embeddable":true,"href":"https:\/\/gatapiekabes.lv\/ru\/wp-json\/wp\/v2\/product_tag?post=1384"}],"curies":[{"name":"wp","href":"https:\/\/api.w.org\/{rel}","templated":true}]}}