{"id":1388,"date":"2026-04-27T17:06:57","date_gmt":"2026-04-27T14:06:57","guid":{"rendered":"https:\/\/gatapiekabes.lv\/product\/plastikata-vaka-jaxal-saslegs-ar-sledzeni-komplekta-2-gabali\/"},"modified":"2026-04-28T14:49:46","modified_gmt":"2026-04-28T11:49:46","slug":"plastikata-vaka-jaxal-saslegs-ar-sledzeni-komplekta-2-gabali","status":"publish","type":"product","link":"https:\/\/gatapiekabes.lv\/ru\/product\/plastikata-vaka-jaxal-saslegs-ar-sledzeni-komplekta-2-gabali\/","title":{"rendered":"Plastik\u0101ta v\u0101ka JAXAL sasl\u0113gs, ar sl\u0113dzeni (komplekt\u0101 2 gabali)"},"content":{"rendered":"<div class=\"description\">\n<p>Komplekt\u0101 ietilpst nostiprin\u0101\u0161anas apr\u012bkojums.\u00a0<\/p>\n<\/div>","protected":false},"excerpt":{"rendered":"<p>Komplekt\u0101 ietilpst nostiprin\u0101\u0161anas apr\u012bkojums.<\/p>","protected":false},"featured_media":1387,"comment_status":"open","ping_status":"closed","template":"","meta":[],"product_brand":[],"product_cat":[308],"product_tag":[],"class_list":{"0":"post-1388","1":"product","2":"type-product","3":"status-publish","4":"has-post-thumbnail","6":"product_cat-plastikata-vaku-detalas","8":"first","9":"instock","10":"shipping-taxable","11":"purchasable","12":"product-type-simple"},"_links":{"self":[{"href":"https:\/\/gatapiekabes.lv\/ru\/wp-json\/wp\/v2\/product\/1388","targetHints":{"allow":["GET"]}}],"collection":[{"href":"https:\/\/gatapiekabes.lv\/ru\/wp-json\/wp\/v2\/product"}],"about":[{"href":"https:\/\/gatapiekabes.lv\/ru\/wp-json\/wp\/v2\/types\/product"}],"replies":[{"embeddable":true,"href":"https:\/\/gatapiekabes.lv\/ru\/wp-json\/wp\/v2\/comments?post=1388"}],"wp:featuredmedia":[{"embeddable":true,"href":"https:\/\/gatapiekabes.lv\/ru\/wp-json\/wp\/v2\/media\/1387"}],"wp:attachment":[{"href":"https:\/\/gatapiekabes.lv\/ru\/wp-json\/wp\/v2\/media?parent=1388"}],"wp:term":[{"taxonomy":"product_brand","embeddable":true,"href":"https:\/\/gatapiekabes.lv\/ru\/wp-json\/wp\/v2\/product_brand?post=1388"},{"taxonomy":"product_cat","embeddable":true,"href":"https:\/\/gatapiekabes.lv\/ru\/wp-json\/wp\/v2\/product_cat?post=1388"},{"taxonomy":"product_tag","embeddable":true,"href":"https:\/\/gatapiekabes.lv\/ru\/wp-json\/wp\/v2\/product_tag?post=1388"}],"curies":[{"name":"wp","href":"https:\/\/api.w.org\/{rel}","templated":true}]}}