{"id":1411,"date":"2026-04-27T17:07:10","date_gmt":"2026-04-27T14:07:10","guid":{"rendered":"https:\/\/gatapiekabes.lv\/product\/platformas-atbalsta-kajas-stiprinajuma-kronsteins-komplekts-plaksne-ar-skruvem\/"},"modified":"2026-04-28T14:49:46","modified_gmt":"2026-04-28T11:49:46","slug":"platformas-atbalsta-kajas-stiprinajuma-kronsteins-komplekts-plaksne-ar-skruvem","status":"publish","type":"product","link":"https:\/\/gatapiekabes.lv\/ru\/product\/platformas-atbalsta-kajas-stiprinajuma-kronsteins-komplekts-plaksne-ar-skruvem\/","title":{"rendered":"Platformas atbalsta k\u0101jas stiprin\u0101juma kron\u0161teins, komplekts (pl\u0101ksne ar skr\u016bv\u0113m)"},"content":{"rendered":"","protected":false},"excerpt":{"rendered":"","protected":false},"featured_media":0,"comment_status":"open","ping_status":"closed","template":"","meta":[],"product_brand":[],"product_cat":[339],"product_tag":[],"class_list":{"0":"post-1411","1":"product","2":"type-product","3":"status-publish","5":"product_cat-atbalsta-riteni-atbalsta-kajas-atgasanas-skruve","7":"first","8":"instock","9":"shipping-taxable","10":"purchasable","11":"product-type-simple"},"_links":{"self":[{"href":"https:\/\/gatapiekabes.lv\/ru\/wp-json\/wp\/v2\/product\/1411","targetHints":{"allow":["GET"]}}],"collection":[{"href":"https:\/\/gatapiekabes.lv\/ru\/wp-json\/wp\/v2\/product"}],"about":[{"href":"https:\/\/gatapiekabes.lv\/ru\/wp-json\/wp\/v2\/types\/product"}],"replies":[{"embeddable":true,"href":"https:\/\/gatapiekabes.lv\/ru\/wp-json\/wp\/v2\/comments?post=1411"}],"wp:attachment":[{"href":"https:\/\/gatapiekabes.lv\/ru\/wp-json\/wp\/v2\/media?parent=1411"}],"wp:term":[{"taxonomy":"product_brand","embeddable":true,"href":"https:\/\/gatapiekabes.lv\/ru\/wp-json\/wp\/v2\/product_brand?post=1411"},{"taxonomy":"product_cat","embeddable":true,"href":"https:\/\/gatapiekabes.lv\/ru\/wp-json\/wp\/v2\/product_cat?post=1411"},{"taxonomy":"product_tag","embeddable":true,"href":"https:\/\/gatapiekabes.lv\/ru\/wp-json\/wp\/v2\/product_tag?post=1411"}],"curies":[{"name":"wp","href":"https:\/\/api.w.org\/{rel}","templated":true}]}}