{"id":1413,"date":"2026-04-27T17:07:11","date_gmt":"2026-04-27T14:07:11","guid":{"rendered":"https:\/\/gatapiekabes.lv\/product\/automasinas-kontaktligzdas-aizmugureja-gumijas-blive-ar-7-spailem-aspock\/"},"modified":"2026-04-28T14:49:46","modified_gmt":"2026-04-28T11:49:46","slug":"automasinas-kontaktligzdas-aizmugureja-gumijas-blive-ar-7-spailem-aspock","status":"publish","type":"product","link":"https:\/\/gatapiekabes.lv\/ru\/product\/automasinas-kontaktligzdas-aizmugureja-gumijas-blive-ar-7-spailem-aspock\/","title":{"rendered":"Automa\u0161\u012bnas kontaktligzdas aizmugur\u0113j\u0101 gumijas bl\u012bve (ar 7 spail\u0113m) &#8211; Asp\u00f6ck"},"content":{"rendered":"","protected":false},"excerpt":{"rendered":"","protected":false},"featured_media":1412,"comment_status":"open","ping_status":"closed","template":"","meta":[],"product_brand":[],"product_cat":[338],"product_tag":[],"class_list":{"0":"post-1413","1":"product","2":"type-product","3":"status-publish","4":"has-post-thumbnail","6":"product_cat-spraudni-un-kontakligzdas","8":"first","9":"instock","10":"shipping-taxable","11":"purchasable","12":"product-type-simple"},"_links":{"self":[{"href":"https:\/\/gatapiekabes.lv\/ru\/wp-json\/wp\/v2\/product\/1413","targetHints":{"allow":["GET"]}}],"collection":[{"href":"https:\/\/gatapiekabes.lv\/ru\/wp-json\/wp\/v2\/product"}],"about":[{"href":"https:\/\/gatapiekabes.lv\/ru\/wp-json\/wp\/v2\/types\/product"}],"replies":[{"embeddable":true,"href":"https:\/\/gatapiekabes.lv\/ru\/wp-json\/wp\/v2\/comments?post=1413"}],"wp:featuredmedia":[{"embeddable":true,"href":"https:\/\/gatapiekabes.lv\/ru\/wp-json\/wp\/v2\/media\/1412"}],"wp:attachment":[{"href":"https:\/\/gatapiekabes.lv\/ru\/wp-json\/wp\/v2\/media?parent=1413"}],"wp:term":[{"taxonomy":"product_brand","embeddable":true,"href":"https:\/\/gatapiekabes.lv\/ru\/wp-json\/wp\/v2\/product_brand?post=1413"},{"taxonomy":"product_cat","embeddable":true,"href":"https:\/\/gatapiekabes.lv\/ru\/wp-json\/wp\/v2\/product_cat?post=1413"},{"taxonomy":"product_tag","embeddable":true,"href":"https:\/\/gatapiekabes.lv\/ru\/wp-json\/wp\/v2\/product_tag?post=1413"}],"curies":[{"name":"wp","href":"https:\/\/api.w.org\/{rel}","templated":true}]}}