{"id":1423,"date":"2026-04-27T17:07:16","date_gmt":"2026-04-27T14:07:16","guid":{"rendered":"https:\/\/gatapiekabes.lv\/product\/kilveida-veltnis-domar-206x98-ar-kronsteinu-bren-700\/"},"modified":"2026-04-28T14:49:46","modified_gmt":"2026-04-28T11:49:46","slug":"kilveida-veltnis-domar-206x98-ar-kronsteinu-bren-700","status":"publish","type":"product","link":"https:\/\/gatapiekabes.lv\/ru\/product\/kilveida-veltnis-domar-206x98-ar-kronsteinu-bren-700\/","title":{"rendered":"\u0136\u012b\u013cveida veltnis &#8220;Domar&#8221; 206&#215;98 ar kron\u0161teinu BREN-700"},"content":{"rendered":"<div class=\"description\">\n<p>\u0136\u012b\u013cveida velt\u0146u kron\u0161teins ar v\u0101rpst\u0101m, skr\u016bv\u0113m. Komplekt\u0101 rullis 206\u00d798mm. Piem\u0113rots piekabei BREN-700BP<\/p>\n<\/div>","protected":false},"excerpt":{"rendered":"<p>\u0136\u012b\u013cveida velt\u0146u kron\u0161teins ar v\u0101rpst\u0101m, skr\u016bv\u0113m. Komplekt\u0101 rullis 206\u00d798mm. Piem\u0113rots piekabei BREN-700BP<\/p>","protected":false},"featured_media":1422,"comment_status":"open","ping_status":"closed","template":"","meta":[],"product_brand":[],"product_cat":[360],"product_tag":[],"class_list":{"0":"post-1423","1":"product","2":"type-product","3":"status-publish","4":"has-post-thumbnail","6":"product_cat-laivu-piekabju-aksesuari-aprikojums","8":"first","9":"instock","10":"shipping-taxable","11":"purchasable","12":"product-type-simple"},"_links":{"self":[{"href":"https:\/\/gatapiekabes.lv\/ru\/wp-json\/wp\/v2\/product\/1423","targetHints":{"allow":["GET"]}}],"collection":[{"href":"https:\/\/gatapiekabes.lv\/ru\/wp-json\/wp\/v2\/product"}],"about":[{"href":"https:\/\/gatapiekabes.lv\/ru\/wp-json\/wp\/v2\/types\/product"}],"replies":[{"embeddable":true,"href":"https:\/\/gatapiekabes.lv\/ru\/wp-json\/wp\/v2\/comments?post=1423"}],"wp:featuredmedia":[{"embeddable":true,"href":"https:\/\/gatapiekabes.lv\/ru\/wp-json\/wp\/v2\/media\/1422"}],"wp:attachment":[{"href":"https:\/\/gatapiekabes.lv\/ru\/wp-json\/wp\/v2\/media?parent=1423"}],"wp:term":[{"taxonomy":"product_brand","embeddable":true,"href":"https:\/\/gatapiekabes.lv\/ru\/wp-json\/wp\/v2\/product_brand?post=1423"},{"taxonomy":"product_cat","embeddable":true,"href":"https:\/\/gatapiekabes.lv\/ru\/wp-json\/wp\/v2\/product_cat?post=1423"},{"taxonomy":"product_tag","embeddable":true,"href":"https:\/\/gatapiekabes.lv\/ru\/wp-json\/wp\/v2\/product_tag?post=1423"}],"curies":[{"name":"wp","href":"https:\/\/api.w.org\/{rel}","templated":true}]}}