{"id":1426,"date":"2026-04-27T17:07:17","date_gmt":"2026-04-27T14:07:17","guid":{"rendered":"https:\/\/gatapiekabes.lv\/product\/slidgultna-bukse-iekseja-knott-kf13-kf20-45-1-50-3mm\/"},"modified":"2026-04-28T14:49:47","modified_gmt":"2026-04-28T11:49:47","slug":"slidgultna-bukse-iekseja-knott-kf13-kf20-45-1-50-3mm","status":"publish","type":"product","link":"https:\/\/gatapiekabes.lv\/ru\/product\/slidgultna-bukse-iekseja-knott-kf13-kf20-45-1-50-3mm\/","title":{"rendered":"Sl\u012bdgult\u0146a bukse iek\u0161\u0113j\u0101 KNOTT KF13-KF20, 45.1\/50.3mm"},"content":{"rendered":"","protected":false},"excerpt":{"rendered":"","protected":false},"featured_media":1425,"comment_status":"open","ping_status":"closed","template":"","meta":[],"product_brand":[],"product_cat":[315],"product_tag":[],"class_list":{"0":"post-1426","1":"product","2":"type-product","3":"status-publish","4":"has-post-thumbnail","6":"product_cat-inerces-bremze-un-dalas","8":"first","9":"instock","10":"shipping-taxable","11":"purchasable","12":"product-type-simple"},"_links":{"self":[{"href":"https:\/\/gatapiekabes.lv\/ru\/wp-json\/wp\/v2\/product\/1426","targetHints":{"allow":["GET"]}}],"collection":[{"href":"https:\/\/gatapiekabes.lv\/ru\/wp-json\/wp\/v2\/product"}],"about":[{"href":"https:\/\/gatapiekabes.lv\/ru\/wp-json\/wp\/v2\/types\/product"}],"replies":[{"embeddable":true,"href":"https:\/\/gatapiekabes.lv\/ru\/wp-json\/wp\/v2\/comments?post=1426"}],"wp:featuredmedia":[{"embeddable":true,"href":"https:\/\/gatapiekabes.lv\/ru\/wp-json\/wp\/v2\/media\/1425"}],"wp:attachment":[{"href":"https:\/\/gatapiekabes.lv\/ru\/wp-json\/wp\/v2\/media?parent=1426"}],"wp:term":[{"taxonomy":"product_brand","embeddable":true,"href":"https:\/\/gatapiekabes.lv\/ru\/wp-json\/wp\/v2\/product_brand?post=1426"},{"taxonomy":"product_cat","embeddable":true,"href":"https:\/\/gatapiekabes.lv\/ru\/wp-json\/wp\/v2\/product_cat?post=1426"},{"taxonomy":"product_tag","embeddable":true,"href":"https:\/\/gatapiekabes.lv\/ru\/wp-json\/wp\/v2\/product_tag?post=1426"}],"curies":[{"name":"wp","href":"https:\/\/api.w.org\/{rel}","templated":true}]}}