{"id":1451,"date":"2026-04-27T17:07:25","date_gmt":"2026-04-27T14:07:25","guid":{"rendered":"https:\/\/gatapiekabes.lv\/product\/kila-rullu-kronsteins-ar-asi-un-skruvem-paredzets-185x75-rullisiem-bren-450-500-550\/"},"modified":"2026-04-28T14:49:47","modified_gmt":"2026-04-28T11:49:47","slug":"kila-rullu-kronsteins-ar-asi-un-skruvem-paredzets-185x75-rullisiem-bren-450-500-550","status":"publish","type":"product","link":"https:\/\/gatapiekabes.lv\/ru\/product\/kila-rullu-kronsteins-ar-asi-un-skruvem-paredzets-185x75-rullisiem-bren-450-500-550\/","title":{"rendered":"\u0136\u012b\u013ca ru\u013c\u013cu kron\u0161teins ar asi un skr\u016bv\u0113m (paredz\u0113ts 185&#215;75 rull\u012b\u0161iem) BREN-450\/500\/550"},"content":{"rendered":"<div class=\"description\">\n<p>\u0136\u012b\u013ca ru\u013c\u013ca kron\u0161teins ar v\u0101rpst\u0101m, skr\u016bv\u0113m. Komplekt\u0101 185&#215;75 mm rullis. Piem\u0113rots piekab\u0113m:\u00a0BREN\u2010450\/500\/550.<\/p>\n<\/div>","protected":false},"excerpt":{"rendered":"<p>\u0136\u012b\u013ca ru\u013c\u013ca kron\u0161teins ar v\u0101rpst\u0101m, skr\u016bv\u0113m. Komplekt\u0101 185&#215;75 mm rullis. Piem\u0113rots piekab\u0113m:\u00a0BREN\u2010450\/500\/550.<\/p>","protected":false},"featured_media":1450,"comment_status":"open","ping_status":"closed","template":"","meta":[],"product_brand":[],"product_cat":[360],"product_tag":[],"class_list":{"0":"post-1451","1":"product","2":"type-product","3":"status-publish","4":"has-post-thumbnail","6":"product_cat-laivu-piekabju-aksesuari-aprikojums","8":"first","9":"instock","10":"shipping-taxable","11":"purchasable","12":"product-type-simple"},"_links":{"self":[{"href":"https:\/\/gatapiekabes.lv\/ru\/wp-json\/wp\/v2\/product\/1451","targetHints":{"allow":["GET"]}}],"collection":[{"href":"https:\/\/gatapiekabes.lv\/ru\/wp-json\/wp\/v2\/product"}],"about":[{"href":"https:\/\/gatapiekabes.lv\/ru\/wp-json\/wp\/v2\/types\/product"}],"replies":[{"embeddable":true,"href":"https:\/\/gatapiekabes.lv\/ru\/wp-json\/wp\/v2\/comments?post=1451"}],"wp:featuredmedia":[{"embeddable":true,"href":"https:\/\/gatapiekabes.lv\/ru\/wp-json\/wp\/v2\/media\/1450"}],"wp:attachment":[{"href":"https:\/\/gatapiekabes.lv\/ru\/wp-json\/wp\/v2\/media?parent=1451"}],"wp:term":[{"taxonomy":"product_brand","embeddable":true,"href":"https:\/\/gatapiekabes.lv\/ru\/wp-json\/wp\/v2\/product_brand?post=1451"},{"taxonomy":"product_cat","embeddable":true,"href":"https:\/\/gatapiekabes.lv\/ru\/wp-json\/wp\/v2\/product_cat?post=1451"},{"taxonomy":"product_tag","embeddable":true,"href":"https:\/\/gatapiekabes.lv\/ru\/wp-json\/wp\/v2\/product_tag?post=1451"}],"curies":[{"name":"wp","href":"https:\/\/api.w.org\/{rel}","templated":true}]}}