{"id":1453,"date":"2026-04-27T17:07:26","date_gmt":"2026-04-27T14:07:26","guid":{"rendered":"https:\/\/gatapiekabes.lv\/product\/aizmugurejas-piekares-komplekts-450b-laivu-piekabem\/"},"modified":"2026-04-28T14:49:47","modified_gmt":"2026-04-28T11:49:47","slug":"aizmugurejas-piekares-komplekts-450b-laivu-piekabem","status":"publish","type":"product","link":"https:\/\/gatapiekabes.lv\/ru\/product\/aizmugurejas-piekares-komplekts-450b-laivu-piekabem\/","title":{"rendered":"Aizmugur\u0113j\u0101s piekares komplekts (450B laivu piekab\u0113m)"},"content":{"rendered":"","protected":false},"excerpt":{"rendered":"","protected":false},"featured_media":1452,"comment_status":"open","ping_status":"closed","template":"","meta":[],"product_brand":[],"product_cat":[316],"product_tag":[],"class_list":{"0":"post-1453","1":"product","2":"type-product","3":"status-publish","4":"has-post-thumbnail","6":"product_cat-laivu-piekabes-rezerves-dalas","8":"first","9":"instock","10":"shipping-taxable","11":"purchasable","12":"product-type-simple"},"_links":{"self":[{"href":"https:\/\/gatapiekabes.lv\/ru\/wp-json\/wp\/v2\/product\/1453","targetHints":{"allow":["GET"]}}],"collection":[{"href":"https:\/\/gatapiekabes.lv\/ru\/wp-json\/wp\/v2\/product"}],"about":[{"href":"https:\/\/gatapiekabes.lv\/ru\/wp-json\/wp\/v2\/types\/product"}],"replies":[{"embeddable":true,"href":"https:\/\/gatapiekabes.lv\/ru\/wp-json\/wp\/v2\/comments?post=1453"}],"wp:featuredmedia":[{"embeddable":true,"href":"https:\/\/gatapiekabes.lv\/ru\/wp-json\/wp\/v2\/media\/1452"}],"wp:attachment":[{"href":"https:\/\/gatapiekabes.lv\/ru\/wp-json\/wp\/v2\/media?parent=1453"}],"wp:term":[{"taxonomy":"product_brand","embeddable":true,"href":"https:\/\/gatapiekabes.lv\/ru\/wp-json\/wp\/v2\/product_brand?post=1453"},{"taxonomy":"product_cat","embeddable":true,"href":"https:\/\/gatapiekabes.lv\/ru\/wp-json\/wp\/v2\/product_cat?post=1453"},{"taxonomy":"product_tag","embeddable":true,"href":"https:\/\/gatapiekabes.lv\/ru\/wp-json\/wp\/v2\/product_tag?post=1453"}],"curies":[{"name":"wp","href":"https:\/\/api.w.org\/{rel}","templated":true}]}}