{"id":1492,"date":"2026-04-27T17:07:44","date_gmt":"2026-04-27T14:07:44","guid":{"rendered":"https:\/\/gatapiekabes.lv\/product\/rumba-ar-bremzi-knott-750kg-5x112-diametrs-o40-laba\/"},"modified":"2026-04-28T14:49:49","modified_gmt":"2026-04-28T11:49:49","slug":"rumba-ar-bremzi-knott-750kg-5x112-diametrs-o40-laba","status":"publish","type":"product","link":"https:\/\/gatapiekabes.lv\/ru\/product\/rumba-ar-bremzi-knott-750kg-5x112-diametrs-o40-laba\/","title":{"rendered":"Rumba ar bremzi KNOTT 750kg 5\u00d7112, diametrs \u00d840, lab\u0101"},"content":{"rendered":"","protected":false},"excerpt":{"rendered":"","protected":false},"featured_media":1491,"comment_status":"open","ping_status":"closed","template":"","meta":[],"product_brand":[],"product_cat":[320],"product_tag":[],"class_list":{"0":"post-1492","1":"product","2":"type-product","3":"status-publish","4":"has-post-thumbnail","6":"product_cat-ritenu-rumbas","8":"first","9":"instock","10":"shipping-taxable","11":"purchasable","12":"product-type-simple"},"_links":{"self":[{"href":"https:\/\/gatapiekabes.lv\/ru\/wp-json\/wp\/v2\/product\/1492","targetHints":{"allow":["GET"]}}],"collection":[{"href":"https:\/\/gatapiekabes.lv\/ru\/wp-json\/wp\/v2\/product"}],"about":[{"href":"https:\/\/gatapiekabes.lv\/ru\/wp-json\/wp\/v2\/types\/product"}],"replies":[{"embeddable":true,"href":"https:\/\/gatapiekabes.lv\/ru\/wp-json\/wp\/v2\/comments?post=1492"}],"wp:featuredmedia":[{"embeddable":true,"href":"https:\/\/gatapiekabes.lv\/ru\/wp-json\/wp\/v2\/media\/1491"}],"wp:attachment":[{"href":"https:\/\/gatapiekabes.lv\/ru\/wp-json\/wp\/v2\/media?parent=1492"}],"wp:term":[{"taxonomy":"product_brand","embeddable":true,"href":"https:\/\/gatapiekabes.lv\/ru\/wp-json\/wp\/v2\/product_brand?post=1492"},{"taxonomy":"product_cat","embeddable":true,"href":"https:\/\/gatapiekabes.lv\/ru\/wp-json\/wp\/v2\/product_cat?post=1492"},{"taxonomy":"product_tag","embeddable":true,"href":"https:\/\/gatapiekabes.lv\/ru\/wp-json\/wp\/v2\/product_tag?post=1492"}],"curies":[{"name":"wp","href":"https:\/\/api.w.org\/{rel}","templated":true}]}}