{"id":1514,"date":"2026-04-27T17:07:59","date_gmt":"2026-04-27T14:07:59","guid":{"rendered":"https:\/\/gatapiekabes.lv\/product\/atbalsta-ritena-stiprinajums-o48-mm-lietais\/"},"modified":"2026-04-28T14:49:49","modified_gmt":"2026-04-28T11:49:49","slug":"atbalsta-ritena-stiprinajums-o48-mm-lietais","status":"publish","type":"product","link":"https:\/\/gatapiekabes.lv\/ru\/product\/atbalsta-ritena-stiprinajums-o48-mm-lietais\/","title":{"rendered":"Atbalsta rite\u0146a stiprin\u0101jums \u00d848 mm, lietais"},"content":{"rendered":"","protected":false},"excerpt":{"rendered":"","protected":false},"featured_media":1513,"comment_status":"open","ping_status":"closed","template":"","meta":[],"product_brand":[],"product_cat":[339],"product_tag":[],"class_list":{"0":"post-1514","1":"product","2":"type-product","3":"status-publish","4":"has-post-thumbnail","6":"product_cat-atbalsta-riteni-atbalsta-kajas-atgasanas-skruve","8":"first","9":"instock","10":"shipping-taxable","11":"purchasable","12":"product-type-simple"},"_links":{"self":[{"href":"https:\/\/gatapiekabes.lv\/ru\/wp-json\/wp\/v2\/product\/1514","targetHints":{"allow":["GET"]}}],"collection":[{"href":"https:\/\/gatapiekabes.lv\/ru\/wp-json\/wp\/v2\/product"}],"about":[{"href":"https:\/\/gatapiekabes.lv\/ru\/wp-json\/wp\/v2\/types\/product"}],"replies":[{"embeddable":true,"href":"https:\/\/gatapiekabes.lv\/ru\/wp-json\/wp\/v2\/comments?post=1514"}],"wp:featuredmedia":[{"embeddable":true,"href":"https:\/\/gatapiekabes.lv\/ru\/wp-json\/wp\/v2\/media\/1513"}],"wp:attachment":[{"href":"https:\/\/gatapiekabes.lv\/ru\/wp-json\/wp\/v2\/media?parent=1514"}],"wp:term":[{"taxonomy":"product_brand","embeddable":true,"href":"https:\/\/gatapiekabes.lv\/ru\/wp-json\/wp\/v2\/product_brand?post=1514"},{"taxonomy":"product_cat","embeddable":true,"href":"https:\/\/gatapiekabes.lv\/ru\/wp-json\/wp\/v2\/product_cat?post=1514"},{"taxonomy":"product_tag","embeddable":true,"href":"https:\/\/gatapiekabes.lv\/ru\/wp-json\/wp\/v2\/product_tag?post=1514"}],"curies":[{"name":"wp","href":"https:\/\/api.w.org\/{rel}","templated":true}]}}