{"id":1520,"date":"2026-04-27T17:08:00","date_gmt":"2026-04-27T14:08:00","guid":{"rendered":"https:\/\/gatapiekabes.lv\/product\/atbalsta-kajas-ar-reduktoru-o60-mm-400%e2%80%90765-mm-1300-kg-paris-ar-kronsteiniem\/"},"modified":"2026-04-28T14:49:49","modified_gmt":"2026-04-28T11:49:49","slug":"atbalsta-kajas-ar-reduktoru-o60-mm-400%e2%80%90765-mm-1300-kg-paris-ar-kronsteiniem","status":"publish","type":"product","link":"https:\/\/gatapiekabes.lv\/ru\/product\/atbalsta-kajas-ar-reduktoru-o60-mm-400%e2%80%90765-mm-1300-kg-paris-ar-kronsteiniem\/","title":{"rendered":"Atbalsta k\u0101jas ar reduktoru\u00a0\u00d860 mm, 400\u2010765 mm,\u00a01300 kg (P\u0100RIS, ar kron\u0161teiniem)"},"content":{"rendered":"<div class=\"description\">\n<p>Atbalsta k\u0101ja ar reduktoru. Diametrs 60 mm, garums 400\u2010765 mm, kravnes\u012bba l\u012bdz 1300 kg. Komplekt\u0101 iek\u013cauta atbalsta k\u0101ja ar vin\u010du. Mont\u0101\u017ea ar atbalsta k\u0101jas mont\u0101\u017eas pl\u0101ksni (SF60), kas nav iek\u013cauta komplekt\u0101cij\u0101.<\/p>\n<\/div>","protected":false},"excerpt":{"rendered":"<p>Atbalsta k\u0101ja ar reduktoru. Diametrs 60 mm, garums 400\u2010765 mm, kravnes\u012bba l\u012bdz 1300 kg. Komplekt\u0101 iek\u013cauta atbalsta k\u0101ja ar vin\u010du. Mont\u0101\u017ea ar atbalsta k\u0101jas mont\u0101\u017eas pl\u0101ksni (SF60), kas nav iek\u013cauta komplekt\u0101cij\u0101.<\/p>","protected":false},"featured_media":0,"comment_status":"open","ping_status":"closed","template":"","meta":[],"product_brand":[],"product_cat":[339],"product_tag":[],"class_list":{"0":"post-1520","1":"product","2":"type-product","3":"status-publish","5":"product_cat-atbalsta-riteni-atbalsta-kajas-atgasanas-skruve","7":"first","8":"instock","9":"shipping-taxable","10":"purchasable","11":"product-type-simple"},"_links":{"self":[{"href":"https:\/\/gatapiekabes.lv\/ru\/wp-json\/wp\/v2\/product\/1520","targetHints":{"allow":["GET"]}}],"collection":[{"href":"https:\/\/gatapiekabes.lv\/ru\/wp-json\/wp\/v2\/product"}],"about":[{"href":"https:\/\/gatapiekabes.lv\/ru\/wp-json\/wp\/v2\/types\/product"}],"replies":[{"embeddable":true,"href":"https:\/\/gatapiekabes.lv\/ru\/wp-json\/wp\/v2\/comments?post=1520"}],"wp:attachment":[{"href":"https:\/\/gatapiekabes.lv\/ru\/wp-json\/wp\/v2\/media?parent=1520"}],"wp:term":[{"taxonomy":"product_brand","embeddable":true,"href":"https:\/\/gatapiekabes.lv\/ru\/wp-json\/wp\/v2\/product_brand?post=1520"},{"taxonomy":"product_cat","embeddable":true,"href":"https:\/\/gatapiekabes.lv\/ru\/wp-json\/wp\/v2\/product_cat?post=1520"},{"taxonomy":"product_tag","embeddable":true,"href":"https:\/\/gatapiekabes.lv\/ru\/wp-json\/wp\/v2\/product_tag?post=1520"}],"curies":[{"name":"wp","href":"https:\/\/api.w.org\/{rel}","templated":true}]}}