{"id":1521,"date":"2026-04-27T17:08:01","date_gmt":"2026-04-27T14:08:01","guid":{"rendered":"https:\/\/gatapiekabes.lv\/product\/atbalsta-kaju-komplekts-ar-reduktoru-400-765mm-1300kg\/"},"modified":"2026-04-29T13:28:39","modified_gmt":"2026-04-29T10:28:39","slug":"atbalsta-kaju-komplekts-ar-reduktoru-400-765mm-1300kg","status":"publish","type":"product","link":"https:\/\/gatapiekabes.lv\/ru\/product\/atbalsta-kaju-komplekts-ar-reduktoru-400-765mm-1300kg\/","title":{"rendered":"Atbalsta k\u0101ju komplekts ar reduktoru, 400-765mm, 1300kg"},"content":{"rendered":"<div class=\"description\">\n<p>Atbalsta k\u0101ju komplekts ar reduktoru, diametrs 60 mm, garums 400-765 mm, kravnes\u012bba l\u012bdz 1300 kg. Piem\u0113rots k\u0101 papildu apr\u012bkojums piekab\u0113m ar R14\u00a0rite\u0146iem.<\/p>\n<p>Komplekt\u0101:<\/p>\n<ul>\n<li>2 atbalsta k\u0101jas ar rektoru, 400-765 mm (Y03.0007),<\/li>\n<li>2 plati stiprin\u0101juma kron\u0161teini ar reduktoru paredz\u0113tam stat\u012bvam (14N.3) \u2013 att\u0113l\u0101 redzams parasts stiprin\u0101juma kron\u0161teins.<\/li>\n<\/ul>\n<\/div>","protected":false},"excerpt":{"rendered":"<p>Atbalsta k\u0101ju komplekts ar reduktoru, diametrs 60 mm, garums 400-765 mm, kravnes\u012bba l\u012bdz 1300 kg. Piem\u0113rots k\u0101 papildu apr\u012bkojums piekab\u0113m ar R14\u00a0rite\u0146iem.<\/p>","protected":false},"featured_media":1794,"comment_status":"open","ping_status":"closed","template":"","meta":[],"product_brand":[],"product_cat":[356],"product_tag":[],"class_list":{"0":"post-1521","1":"product","2":"type-product","3":"status-publish","4":"has-post-thumbnail","6":"product_cat-piekabes-slipums-un-uzbrauksana-aprikojums","8":"first","9":"instock","10":"shipping-taxable","11":"product-type-simple"},"_links":{"self":[{"href":"https:\/\/gatapiekabes.lv\/ru\/wp-json\/wp\/v2\/product\/1521","targetHints":{"allow":["GET"]}}],"collection":[{"href":"https:\/\/gatapiekabes.lv\/ru\/wp-json\/wp\/v2\/product"}],"about":[{"href":"https:\/\/gatapiekabes.lv\/ru\/wp-json\/wp\/v2\/types\/product"}],"replies":[{"embeddable":true,"href":"https:\/\/gatapiekabes.lv\/ru\/wp-json\/wp\/v2\/comments?post=1521"}],"wp:featuredmedia":[{"embeddable":true,"href":"https:\/\/gatapiekabes.lv\/ru\/wp-json\/wp\/v2\/media\/1794"}],"wp:attachment":[{"href":"https:\/\/gatapiekabes.lv\/ru\/wp-json\/wp\/v2\/media?parent=1521"}],"wp:term":[{"taxonomy":"product_brand","embeddable":true,"href":"https:\/\/gatapiekabes.lv\/ru\/wp-json\/wp\/v2\/product_brand?post=1521"},{"taxonomy":"product_cat","embeddable":true,"href":"https:\/\/gatapiekabes.lv\/ru\/wp-json\/wp\/v2\/product_cat?post=1521"},{"taxonomy":"product_tag","embeddable":true,"href":"https:\/\/gatapiekabes.lv\/ru\/wp-json\/wp\/v2\/product_tag?post=1521"}],"curies":[{"name":"wp","href":"https:\/\/api.w.org\/{rel}","templated":true}]}}