{"id":1526,"date":"2026-04-27T17:08:02","date_gmt":"2026-04-27T14:08:02","guid":{"rendered":"https:\/\/gatapiekabes.lv\/product\/atbalsta-kaju-komplekts-ar-lietam-skavam-n-serijai\/"},"modified":"2026-04-29T13:26:43","modified_gmt":"2026-04-29T10:26:43","slug":"atbalsta-kaju-komplekts-ar-lietam-skavam-n-serijai","status":"publish","type":"product","link":"https:\/\/gatapiekabes.lv\/ru\/product\/atbalsta-kaju-komplekts-ar-lietam-skavam-n-serijai\/","title":{"rendered":"Atbalsta k\u0101ju komplekts ar liet\u0101m skav\u0101m N s\u0113rijai"},"content":{"rendered":"<div class=\"description\">\n<p>Atbalsta k\u0101ju komplekts, garums 600 mm, diametrs 48 mm, kravnes\u012bba 150 kg.<\/p>\n<p>Komplekt\u0101:<\/p>\n<ul>\n<li>2 atbalsta k\u0101jas (Y03.0005),<\/li>\n<li>2 lietas stiprin\u0101juma skavas (Y03.0003) un<\/li>\n<li>2 stiprin\u0101juma kron\u0161teini (14N.1).\u00a0<\/li>\n<\/ul>\n<\/div>","protected":false},"excerpt":{"rendered":"<p>Atbalsta k\u0101ju komplekts, garums 600 mm, diametrs 48 mm, kravnes\u012bba 150 kg.<\/p>","protected":false},"featured_media":1525,"comment_status":"open","ping_status":"closed","template":"","meta":[],"product_brand":[],"product_cat":[356],"product_tag":[],"class_list":{"0":"post-1526","1":"product","2":"type-product","3":"status-publish","4":"has-post-thumbnail","6":"product_cat-piekabes-slipums-un-uzbrauksana-aprikojums","8":"first","9":"instock","10":"shipping-taxable","11":"purchasable","12":"product-type-simple"},"_links":{"self":[{"href":"https:\/\/gatapiekabes.lv\/ru\/wp-json\/wp\/v2\/product\/1526","targetHints":{"allow":["GET"]}}],"collection":[{"href":"https:\/\/gatapiekabes.lv\/ru\/wp-json\/wp\/v2\/product"}],"about":[{"href":"https:\/\/gatapiekabes.lv\/ru\/wp-json\/wp\/v2\/types\/product"}],"replies":[{"embeddable":true,"href":"https:\/\/gatapiekabes.lv\/ru\/wp-json\/wp\/v2\/comments?post=1526"}],"wp:featuredmedia":[{"embeddable":true,"href":"https:\/\/gatapiekabes.lv\/ru\/wp-json\/wp\/v2\/media\/1525"}],"wp:attachment":[{"href":"https:\/\/gatapiekabes.lv\/ru\/wp-json\/wp\/v2\/media?parent=1526"}],"wp:term":[{"taxonomy":"product_brand","embeddable":true,"href":"https:\/\/gatapiekabes.lv\/ru\/wp-json\/wp\/v2\/product_brand?post=1526"},{"taxonomy":"product_cat","embeddable":true,"href":"https:\/\/gatapiekabes.lv\/ru\/wp-json\/wp\/v2\/product_cat?post=1526"},{"taxonomy":"product_tag","embeddable":true,"href":"https:\/\/gatapiekabes.lv\/ru\/wp-json\/wp\/v2\/product_tag?post=1526"}],"curies":[{"name":"wp","href":"https:\/\/api.w.org\/{rel}","templated":true}]}}