{"id":1530,"date":"2026-04-27T17:08:03","date_gmt":"2026-04-27T14:08:03","guid":{"rendered":"https:\/\/gatapiekabes.lv\/product\/atgasanas-skruvei-o48-mm-350-kg-bez-kronsteiniem\/"},"modified":"2026-04-28T14:49:49","modified_gmt":"2026-04-28T11:49:49","slug":"atgasanas-skruvei-o48-mm-350-kg-bez-kronsteiniem","status":"publish","type":"product","link":"https:\/\/gatapiekabes.lv\/ru\/product\/atgasanas-skruvei-o48-mm-350-kg-bez-kronsteiniem\/","title":{"rendered":"Atg\u0101\u0161anas skr\u016bvei \u00d848 mm, 350 kg (bez kron\u0161teiniem)"},"content":{"rendered":"<div class=\"description\">\n<p>Sasv\u0113r\u0161anas vin\u010da atvieglo kastes sasv\u0113r\u0161anu un fiks\u0113 kravas kasti sasv\u0113rt\u0101 st\u0101vokl\u012b, tai atrodoties zem slodzes. Optim\u0101l\u0101 sasv\u0113r\u0161anas vin\u010das celtsp\u0113ja 350 kg, diametrs 48 mm. Komplekt\u0101 sasv\u0113r\u0161anas vin\u010da ar mont\u0101\u017eas piederumiem.<\/p>\n<\/div>","protected":false},"excerpt":{"rendered":"<p>Sasv\u0113r\u0161anas vin\u010da atvieglo kastes sasv\u0113r\u0161anu un fiks\u0113 kravas kasti sasv\u0113rt\u0101 st\u0101vokl\u012b, tai atrodoties zem slodzes. Optim\u0101l\u0101 sasv\u0113r\u0161anas vin\u010das celtsp\u0113ja 350 kg, diametrs 48 mm. Komplekt\u0101 sasv\u0113r\u0161anas vin\u010da ar mont\u0101\u017eas piederumiem.<\/p>","protected":false},"featured_media":1529,"comment_status":"open","ping_status":"closed","template":"","meta":[],"product_brand":[],"product_cat":[339],"product_tag":[],"class_list":{"0":"post-1530","1":"product","2":"type-product","3":"status-publish","4":"has-post-thumbnail","6":"product_cat-atbalsta-riteni-atbalsta-kajas-atgasanas-skruve","8":"first","9":"instock","10":"shipping-taxable","11":"purchasable","12":"product-type-simple"},"_links":{"self":[{"href":"https:\/\/gatapiekabes.lv\/ru\/wp-json\/wp\/v2\/product\/1530","targetHints":{"allow":["GET"]}}],"collection":[{"href":"https:\/\/gatapiekabes.lv\/ru\/wp-json\/wp\/v2\/product"}],"about":[{"href":"https:\/\/gatapiekabes.lv\/ru\/wp-json\/wp\/v2\/types\/product"}],"replies":[{"embeddable":true,"href":"https:\/\/gatapiekabes.lv\/ru\/wp-json\/wp\/v2\/comments?post=1530"}],"wp:featuredmedia":[{"embeddable":true,"href":"https:\/\/gatapiekabes.lv\/ru\/wp-json\/wp\/v2\/media\/1529"}],"wp:attachment":[{"href":"https:\/\/gatapiekabes.lv\/ru\/wp-json\/wp\/v2\/media?parent=1530"}],"wp:term":[{"taxonomy":"product_brand","embeddable":true,"href":"https:\/\/gatapiekabes.lv\/ru\/wp-json\/wp\/v2\/product_brand?post=1530"},{"taxonomy":"product_cat","embeddable":true,"href":"https:\/\/gatapiekabes.lv\/ru\/wp-json\/wp\/v2\/product_cat?post=1530"},{"taxonomy":"product_tag","embeddable":true,"href":"https:\/\/gatapiekabes.lv\/ru\/wp-json\/wp\/v2\/product_tag?post=1530"}],"curies":[{"name":"wp","href":"https:\/\/api.w.org\/{rel}","templated":true}]}}