{"id":1532,"date":"2026-04-27T17:08:04","date_gmt":"2026-04-27T14:08:04","guid":{"rendered":"https:\/\/gatapiekabes.lv\/product\/ritenis-155r13-500kg-ms-4x100\/"},"modified":"2026-04-28T14:49:50","modified_gmt":"2026-04-28T11:49:50","slug":"ritenis-155r13-500kg-ms-4x100","status":"publish","type":"product","link":"https:\/\/gatapiekabes.lv\/ru\/product\/ritenis-155r13-500kg-ms-4x100\/","title":{"rendered":"Ritenis 155R13 500kg M+S (4\u00d7100)"},"content":{"rendered":"<div class=\"description\">\n<p>Rite\u0146a skr\u016bves atvere 4&#215;100, M+S riepas ar izm\u0113ru 155R13, kravnes\u012bba 500 kg. Piem\u0113rots piekab\u0113m: BREN-2612N\/2715N\/3015N\/3315N\/3515N\u00a0BREN-2512\/2715\/3015\/3215\/3515\/3015-2\/4015-2, BREN-450B\/BS, BREN-500B\/BS, BREN-550B\/BS.<\/p>\n<\/div>","protected":false},"excerpt":{"rendered":"<p>Rite\u0146a skr\u016bves atvere 4&#215;100, M+S riepas ar izm\u0113ru 155R13, kravnes\u012bba 500 kg. Piem\u0113rots piekab\u0113m: BREN-2612N\/2715N\/3015N\/3315N\/3515N\u00a0BREN-2512\/2715\/3015\/3215\/3515\/3015-2\/4015-2, BREN-450B\/BS, BREN-500B\/BS, BREN-550B\/BS.<\/p>","protected":false},"featured_media":1531,"comment_status":"open","ping_status":"closed","template":"","meta":[],"product_brand":[],"product_cat":[358,256],"product_tag":[],"class_list":{"0":"post-1532","1":"product","2":"type-product","3":"status-publish","4":"has-post-thumbnail","6":"product_cat-rezerves-riteni-aprikojums","7":"product_cat-riteni","9":"first","10":"instock","11":"shipping-taxable","12":"purchasable","13":"product-type-simple"},"_links":{"self":[{"href":"https:\/\/gatapiekabes.lv\/ru\/wp-json\/wp\/v2\/product\/1532","targetHints":{"allow":["GET"]}}],"collection":[{"href":"https:\/\/gatapiekabes.lv\/ru\/wp-json\/wp\/v2\/product"}],"about":[{"href":"https:\/\/gatapiekabes.lv\/ru\/wp-json\/wp\/v2\/types\/product"}],"replies":[{"embeddable":true,"href":"https:\/\/gatapiekabes.lv\/ru\/wp-json\/wp\/v2\/comments?post=1532"}],"wp:featuredmedia":[{"embeddable":true,"href":"https:\/\/gatapiekabes.lv\/ru\/wp-json\/wp\/v2\/media\/1531"}],"wp:attachment":[{"href":"https:\/\/gatapiekabes.lv\/ru\/wp-json\/wp\/v2\/media?parent=1532"}],"wp:term":[{"taxonomy":"product_brand","embeddable":true,"href":"https:\/\/gatapiekabes.lv\/ru\/wp-json\/wp\/v2\/product_brand?post=1532"},{"taxonomy":"product_cat","embeddable":true,"href":"https:\/\/gatapiekabes.lv\/ru\/wp-json\/wp\/v2\/product_cat?post=1532"},{"taxonomy":"product_tag","embeddable":true,"href":"https:\/\/gatapiekabes.lv\/ru\/wp-json\/wp\/v2\/product_tag?post=1532"}],"curies":[{"name":"wp","href":"https:\/\/api.w.org\/{rel}","templated":true}]}}