{"id":1536,"date":"2026-04-27T17:08:05","date_gmt":"2026-04-27T14:08:05","guid":{"rendered":"https:\/\/gatapiekabes.lv\/product\/ritenis-155r13c-600kg-ms-5x112\/"},"modified":"2026-04-28T14:49:50","modified_gmt":"2026-04-28T11:49:50","slug":"ritenis-155r13c-600kg-ms-5x112","status":"publish","type":"product","link":"https:\/\/gatapiekabes.lv\/ru\/product\/ritenis-155r13c-600kg-ms-5x112\/","title":{"rendered":"Ritenis 155R13C 600kg M+S (5\u00d7112)"},"content":{"rendered":"<div class=\"description\">\n<p>Rite\u0146a skr\u016bves atvere 5&#215;112, M+S riepas ar izm\u0113ru 155R13C, kravnes\u012bba 600 kg. Piem\u0113rots piekab\u0113m: BREN-2612-1P, BREN-3015-1P, BREN-3015-2P, BREN-3515-2P, BREN-275P10\/12H, BREN-400P10\/12H, BREN-600BP10\/12, BREN-3215-2P-20\/24.\u00a0<\/p>\n<\/div>","protected":false},"excerpt":{"rendered":"<p>Rite\u0146a skr\u016bves atvere 5&#215;112, M+S riepas ar izm\u0113ru 155R13C, kravnes\u012bba 600 kg. Piem\u0113rots piekab\u0113m: BREN-2612-1P, BREN-3015-1P, BREN-3015-2P, BREN-3515-2P, BREN-275P10\/12H, BREN-400P10\/12H, BREN-600BP10\/12, BREN-3215-2P-20\/24.<\/p>","protected":false},"featured_media":1531,"comment_status":"open","ping_status":"closed","template":"","meta":[],"product_brand":[],"product_cat":[358,256],"product_tag":[],"class_list":{"0":"post-1536","1":"product","2":"type-product","3":"status-publish","4":"has-post-thumbnail","6":"product_cat-rezerves-riteni-aprikojums","7":"product_cat-riteni","9":"first","10":"instock","11":"shipping-taxable","12":"purchasable","13":"product-type-simple"},"_links":{"self":[{"href":"https:\/\/gatapiekabes.lv\/ru\/wp-json\/wp\/v2\/product\/1536","targetHints":{"allow":["GET"]}}],"collection":[{"href":"https:\/\/gatapiekabes.lv\/ru\/wp-json\/wp\/v2\/product"}],"about":[{"href":"https:\/\/gatapiekabes.lv\/ru\/wp-json\/wp\/v2\/types\/product"}],"replies":[{"embeddable":true,"href":"https:\/\/gatapiekabes.lv\/ru\/wp-json\/wp\/v2\/comments?post=1536"}],"wp:featuredmedia":[{"embeddable":true,"href":"https:\/\/gatapiekabes.lv\/ru\/wp-json\/wp\/v2\/media\/1531"}],"wp:attachment":[{"href":"https:\/\/gatapiekabes.lv\/ru\/wp-json\/wp\/v2\/media?parent=1536"}],"wp:term":[{"taxonomy":"product_brand","embeddable":true,"href":"https:\/\/gatapiekabes.lv\/ru\/wp-json\/wp\/v2\/product_brand?post=1536"},{"taxonomy":"product_cat","embeddable":true,"href":"https:\/\/gatapiekabes.lv\/ru\/wp-json\/wp\/v2\/product_cat?post=1536"},{"taxonomy":"product_tag","embeddable":true,"href":"https:\/\/gatapiekabes.lv\/ru\/wp-json\/wp\/v2\/product_tag?post=1536"}],"curies":[{"name":"wp","href":"https:\/\/api.w.org\/{rel}","templated":true}]}}