{"id":1537,"date":"2026-04-27T17:08:06","date_gmt":"2026-04-27T14:08:06","guid":{"rendered":"https:\/\/gatapiekabes.lv\/product\/ritenis-185r14c-900kg-ms-5x112\/"},"modified":"2026-04-28T14:49:50","modified_gmt":"2026-04-28T11:49:50","slug":"ritenis-185r14c-900kg-ms-5x112","status":"publish","type":"product","link":"https:\/\/gatapiekabes.lv\/ru\/product\/ritenis-185r14c-900kg-ms-5x112\/","title":{"rendered":"Ritenis 185R14C 900kg M+S (5\u00d7112)"},"content":{"rendered":"<div class=\"description\">\n<p>Rite\u0146a skr\u016bves atvere 5&#215;112, M+S riepas ar izm\u0113ru 185R14C, kravnes\u012bba 900 kg. Piem\u0113rots piekab\u0113m: BREN-2612-1P-(1300-1500), BREN-3015-1P-(1300-1500), BREN-275P13\/15H, BREN-325P13\/15H, BREN-350P13\/15H, BREN-370P13\/15H, BREN-700BP13\/15, BREN-3718-2P-20\/24\/27\/30.<\/p>\n<\/div>","protected":false},"excerpt":{"rendered":"<p>Rite\u0146a skr\u016bves atvere 5&#215;112, M+S riepas ar izm\u0113ru 185R14C, kravnes\u012bba 900 kg. Piem\u0113rots piekab\u0113m: BREN-2612-1P-(1300-1500), BREN-3015-1P-(1300-1500), BREN-275P13\/15H, BREN-325P13\/15H, BREN-350P13\/15H, BREN-370P13\/15H, BREN-700BP13\/15, BREN-3718-2P-20\/24\/27\/30.<\/p>","protected":false},"featured_media":1534,"comment_status":"open","ping_status":"closed","template":"","meta":[],"product_brand":[],"product_cat":[358,256],"product_tag":[],"class_list":{"0":"post-1537","1":"product","2":"type-product","3":"status-publish","4":"has-post-thumbnail","6":"product_cat-rezerves-riteni-aprikojums","7":"product_cat-riteni","9":"first","10":"instock","11":"shipping-taxable","12":"purchasable","13":"product-type-simple"},"_links":{"self":[{"href":"https:\/\/gatapiekabes.lv\/ru\/wp-json\/wp\/v2\/product\/1537","targetHints":{"allow":["GET"]}}],"collection":[{"href":"https:\/\/gatapiekabes.lv\/ru\/wp-json\/wp\/v2\/product"}],"about":[{"href":"https:\/\/gatapiekabes.lv\/ru\/wp-json\/wp\/v2\/types\/product"}],"replies":[{"embeddable":true,"href":"https:\/\/gatapiekabes.lv\/ru\/wp-json\/wp\/v2\/comments?post=1537"}],"wp:featuredmedia":[{"embeddable":true,"href":"https:\/\/gatapiekabes.lv\/ru\/wp-json\/wp\/v2\/media\/1534"}],"wp:attachment":[{"href":"https:\/\/gatapiekabes.lv\/ru\/wp-json\/wp\/v2\/media?parent=1537"}],"wp:term":[{"taxonomy":"product_brand","embeddable":true,"href":"https:\/\/gatapiekabes.lv\/ru\/wp-json\/wp\/v2\/product_brand?post=1537"},{"taxonomy":"product_cat","embeddable":true,"href":"https:\/\/gatapiekabes.lv\/ru\/wp-json\/wp\/v2\/product_cat?post=1537"},{"taxonomy":"product_tag","embeddable":true,"href":"https:\/\/gatapiekabes.lv\/ru\/wp-json\/wp\/v2\/product_tag?post=1537"}],"curies":[{"name":"wp","href":"https:\/\/api.w.org\/{rel}","templated":true}]}}