{"id":1539,"date":"2026-04-27T17:08:06","date_gmt":"2026-04-27T14:08:06","guid":{"rendered":"https:\/\/gatapiekabes.lv\/product\/ritenis-ar-radzem-155r13c-600kg-ms-4x100\/"},"modified":"2026-04-28T14:49:50","modified_gmt":"2026-04-28T11:49:50","slug":"ritenis-ar-radzem-155r13c-600kg-ms-4x100","status":"publish","type":"product","link":"https:\/\/gatapiekabes.lv\/ru\/product\/ritenis-ar-radzem-155r13c-600kg-ms-4x100\/","title":{"rendered":"Ritenis ar radz\u0113m 155R13C, 600kg M+S (4\u00d7100)"},"content":{"rendered":"<div class=\"description\">\n<p>Rite\u0146a skr\u016bves atvere 4&#215;100, rad\u017eu riepas ar izm\u0113ru 155R13C, ar palielin\u0101tu kravnes\u012bbu, kravnes\u012bba 600 kg. Piem\u0113rots piekab\u0113m:\u00a0BREN-2612N\/2715N\/3015N\/3315N\/3515N, BREN-2512\/2715\/3015\/3215\/3515\/3015-2\/4015-2, BREN-450B\/BS, BREN-500B\/BS, BREN-550B\/BS.<\/p>\n<\/div>","protected":false},"excerpt":{"rendered":"<p>Rite\u0146a skr\u016bves atvere 4&#215;100, rad\u017eu riepas ar izm\u0113ru 155R13C, ar palielin\u0101tu kravnes\u012bbu, kravnes\u012bba 600 kg. Piem\u0113rots piekab\u0113m:\u00a0BREN-2612N\/2715N\/3015N\/3315N\/3515N, BREN-2512\/2715\/3015\/3215\/3515\/3015-2\/4015-2, BREN-450B\/BS, BREN-500B\/BS, BREN-550B\/BS.<\/p>","protected":false},"featured_media":1538,"comment_status":"open","ping_status":"closed","template":"","meta":[],"product_brand":[],"product_cat":[256],"product_tag":[],"class_list":{"0":"post-1539","1":"product","2":"type-product","3":"status-publish","4":"has-post-thumbnail","6":"product_cat-riteni","8":"first","9":"instock","10":"shipping-taxable","11":"purchasable","12":"product-type-simple"},"_links":{"self":[{"href":"https:\/\/gatapiekabes.lv\/ru\/wp-json\/wp\/v2\/product\/1539","targetHints":{"allow":["GET"]}}],"collection":[{"href":"https:\/\/gatapiekabes.lv\/ru\/wp-json\/wp\/v2\/product"}],"about":[{"href":"https:\/\/gatapiekabes.lv\/ru\/wp-json\/wp\/v2\/types\/product"}],"replies":[{"embeddable":true,"href":"https:\/\/gatapiekabes.lv\/ru\/wp-json\/wp\/v2\/comments?post=1539"}],"wp:featuredmedia":[{"embeddable":true,"href":"https:\/\/gatapiekabes.lv\/ru\/wp-json\/wp\/v2\/media\/1538"}],"wp:attachment":[{"href":"https:\/\/gatapiekabes.lv\/ru\/wp-json\/wp\/v2\/media?parent=1539"}],"wp:term":[{"taxonomy":"product_brand","embeddable":true,"href":"https:\/\/gatapiekabes.lv\/ru\/wp-json\/wp\/v2\/product_brand?post=1539"},{"taxonomy":"product_cat","embeddable":true,"href":"https:\/\/gatapiekabes.lv\/ru\/wp-json\/wp\/v2\/product_cat?post=1539"},{"taxonomy":"product_tag","embeddable":true,"href":"https:\/\/gatapiekabes.lv\/ru\/wp-json\/wp\/v2\/product_tag?post=1539"}],"curies":[{"name":"wp","href":"https:\/\/api.w.org\/{rel}","templated":true}]}}