{"id":1614,"date":"2026-04-27T17:08:41","date_gmt":"2026-04-27T14:08:41","guid":{"rendered":"https:\/\/gatapiekabes.lv\/product\/laivas-atbalsta-rulli-1m-2-gab\/"},"modified":"2026-04-28T14:49:52","modified_gmt":"2026-04-28T11:49:52","slug":"laivas-atbalsta-rulli-1m-2-gab","status":"publish","type":"product","link":"https:\/\/gatapiekabes.lv\/ru\/product\/laivas-atbalsta-rulli-1m-2-gab\/","title":{"rendered":"Laivas atbalsta ru\u013c\u013ci, 1m, 2 gab"},"content":{"rendered":"<div class=\"description\">\n<p>Komplekt\u0101 ietilpst 1 laivas centra rullis ar 2 regul\u0113jamiem s\u0101nu rull\u012b\u0161iem un 1 \u0137\u012b\u013ca rullis. Laivas ru\u013c\u013ca platums 1m. Uzst\u0101d\u0101ms uz atsevi\u0161\u0137a r\u0101mja uz piekabes kastes gr\u012bdas (r\u0101mis nav iek\u013cauts komplekt\u0101cij\u0101). Laivu ru\u013c\u013ci ir piem\u0113roti uzst\u0101d\u012b\u0161anai uz vis\u0101m kastes tipa piekab\u0113m bez bremz\u0113m.<\/p>\n<\/div>","protected":false},"excerpt":{"rendered":"<p>Komplekt\u0101 ietilpst 1 laivas centra rullis ar 2 regul\u0113jamiem s\u0101nu rull\u012b\u0161iem un 1 \u0137\u012b\u013ca rullis. Laivas ru\u013c\u013ca platums 1m. Uzst\u0101d\u0101ms uz atsevi\u0161\u0137a r\u0101mja uz piekabes kastes gr\u012bdas (r\u0101mis nav iek\u013cauts komplekt\u0101cij\u0101). Laivu ru\u013c\u013ci ir piem\u0113roti uzst\u0101d\u012b\u0161anai uz vis\u0101m kastes tipa piekab\u0113m bez bremz\u0113m.<\/p>","protected":false},"featured_media":1613,"comment_status":"open","ping_status":"closed","template":"","meta":[],"product_brand":[],"product_cat":[355],"product_tag":[],"class_list":{"0":"post-1614","1":"product","2":"type-product","3":"status-publish","4":"has-post-thumbnail","6":"product_cat-vincas-un-vincas-kronsteins-aprikojums","8":"first","9":"instock","10":"shipping-taxable","11":"purchasable","12":"product-type-simple"},"_links":{"self":[{"href":"https:\/\/gatapiekabes.lv\/ru\/wp-json\/wp\/v2\/product\/1614","targetHints":{"allow":["GET"]}}],"collection":[{"href":"https:\/\/gatapiekabes.lv\/ru\/wp-json\/wp\/v2\/product"}],"about":[{"href":"https:\/\/gatapiekabes.lv\/ru\/wp-json\/wp\/v2\/types\/product"}],"replies":[{"embeddable":true,"href":"https:\/\/gatapiekabes.lv\/ru\/wp-json\/wp\/v2\/comments?post=1614"}],"wp:featuredmedia":[{"embeddable":true,"href":"https:\/\/gatapiekabes.lv\/ru\/wp-json\/wp\/v2\/media\/1613"}],"wp:attachment":[{"href":"https:\/\/gatapiekabes.lv\/ru\/wp-json\/wp\/v2\/media?parent=1614"}],"wp:term":[{"taxonomy":"product_brand","embeddable":true,"href":"https:\/\/gatapiekabes.lv\/ru\/wp-json\/wp\/v2\/product_brand?post=1614"},{"taxonomy":"product_cat","embeddable":true,"href":"https:\/\/gatapiekabes.lv\/ru\/wp-json\/wp\/v2\/product_cat?post=1614"},{"taxonomy":"product_tag","embeddable":true,"href":"https:\/\/gatapiekabes.lv\/ru\/wp-json\/wp\/v2\/product_tag?post=1614"}],"curies":[{"name":"wp","href":"https:\/\/api.w.org\/{rel}","templated":true}]}}