{"id":1618,"date":"2026-04-27T17:08:44","date_gmt":"2026-04-27T14:08:44","guid":{"rendered":"https:\/\/gatapiekabes.lv\/product\/gumijas-turetaji-ar-kniedem-5tk\/"},"modified":"2026-04-28T14:49:52","modified_gmt":"2026-04-28T11:49:52","slug":"gumijas-turetaji-ar-kniedem-5tk","status":"publish","type":"product","link":"https:\/\/gatapiekabes.lv\/ru\/product\/gumijas-turetaji-ar-kniedem-5tk\/","title":{"rendered":"Gumijas tur\u0113t\u0101ji ar knied\u0113m, 5tk"},"content":{"rendered":"<div class=\"description\">\n<p>Komplekt\u0101 ietilpst 5 gumijas auklas fiksatori un 5 kniedes to nostiprin\u0101\u0161anai.<\/p>\n<\/div>","protected":false},"excerpt":{"rendered":"<p>Komplekt\u0101 ietilpst 5 gumijas auklas fiksatori un 5 kniedes to nostiprin\u0101\u0161anai.<\/p>","protected":false},"featured_media":1617,"comment_status":"open","ping_status":"closed","template":"","meta":[],"product_brand":[],"product_cat":[340],"product_tag":[],"class_list":{"0":"post-1618","1":"product","2":"type-product","3":"status-publish","4":"has-post-thumbnail","6":"product_cat-ritenu-skruves-numuru-turetaji-tenta-stiprinajumi","8":"first","9":"instock","10":"shipping-taxable","11":"purchasable","12":"product-type-simple"},"_links":{"self":[{"href":"https:\/\/gatapiekabes.lv\/ru\/wp-json\/wp\/v2\/product\/1618","targetHints":{"allow":["GET"]}}],"collection":[{"href":"https:\/\/gatapiekabes.lv\/ru\/wp-json\/wp\/v2\/product"}],"about":[{"href":"https:\/\/gatapiekabes.lv\/ru\/wp-json\/wp\/v2\/types\/product"}],"replies":[{"embeddable":true,"href":"https:\/\/gatapiekabes.lv\/ru\/wp-json\/wp\/v2\/comments?post=1618"}],"wp:featuredmedia":[{"embeddable":true,"href":"https:\/\/gatapiekabes.lv\/ru\/wp-json\/wp\/v2\/media\/1617"}],"wp:attachment":[{"href":"https:\/\/gatapiekabes.lv\/ru\/wp-json\/wp\/v2\/media?parent=1618"}],"wp:term":[{"taxonomy":"product_brand","embeddable":true,"href":"https:\/\/gatapiekabes.lv\/ru\/wp-json\/wp\/v2\/product_brand?post=1618"},{"taxonomy":"product_cat","embeddable":true,"href":"https:\/\/gatapiekabes.lv\/ru\/wp-json\/wp\/v2\/product_cat?post=1618"},{"taxonomy":"product_tag","embeddable":true,"href":"https:\/\/gatapiekabes.lv\/ru\/wp-json\/wp\/v2\/product_tag?post=1618"}],"curies":[{"name":"wp","href":"https:\/\/api.w.org\/{rel}","templated":true}]}}