{"id":1650,"date":"2026-04-27T17:08:58","date_gmt":"2026-04-27T14:08:58","guid":{"rendered":"https:\/\/gatapiekabes.lv\/product\/sakabes-ierices-sledzis-winterhoff-atslegas-cilindrs\/"},"modified":"2026-04-28T14:49:53","modified_gmt":"2026-04-28T11:49:53","slug":"sakabes-ierices-sledzis-winterhoff-atslegas-cilindrs","status":"publish","type":"product","link":"https:\/\/gatapiekabes.lv\/ru\/product\/sakabes-ierices-sledzis-winterhoff-atslegas-cilindrs\/","title":{"rendered":"Sakabes ier\u012bces sl\u0113dzis Winterhoff (atsl\u0113gas cilindrs)"},"content":{"rendered":"<div class=\"description\">\n<p>Piekabes pretaizdz\u012b\u0161anas sl\u0113dzenes serde, piem\u0113rota vis\u0101m sakabes ier\u012bc\u0113m. \u013bauj nosl\u0113gt piekabi, gan tai st\u0101vot atsevi\u0161\u0137i, gan nostiprin\u0101tai aiz automa\u0161\u012bnas. Brauk\u0161anas ar nosl\u0113gtu piekabi nav v\u0113lama.<\/p>\n<\/div>","protected":false},"excerpt":{"rendered":"<p>Piekabes pretaizdz\u012b\u0161anas sl\u0113dzenes serde, piem\u0113rota vis\u0101m sakabes ier\u012bc\u0113m. \u013bauj nosl\u0113gt piekabi, gan tai st\u0101vot atsevi\u0161\u0137i, gan nostiprin\u0101tai aiz automa\u0161\u012bnas. Brauk\u0161anas ar nosl\u0113gtu piekabi nav v\u0113lama.<\/p>","protected":false},"featured_media":1649,"comment_status":"open","ping_status":"closed","template":"","meta":[],"product_brand":[],"product_cat":[370],"product_tag":[],"class_list":{"0":"post-1650","1":"product","2":"type-product","3":"status-publish","4":"has-post-thumbnail","6":"product_cat-sakabes-iericu-sledzi-aprikojums","8":"first","9":"instock","10":"shipping-taxable","11":"purchasable","12":"product-type-simple"},"_links":{"self":[{"href":"https:\/\/gatapiekabes.lv\/ru\/wp-json\/wp\/v2\/product\/1650","targetHints":{"allow":["GET"]}}],"collection":[{"href":"https:\/\/gatapiekabes.lv\/ru\/wp-json\/wp\/v2\/product"}],"about":[{"href":"https:\/\/gatapiekabes.lv\/ru\/wp-json\/wp\/v2\/types\/product"}],"replies":[{"embeddable":true,"href":"https:\/\/gatapiekabes.lv\/ru\/wp-json\/wp\/v2\/comments?post=1650"}],"wp:featuredmedia":[{"embeddable":true,"href":"https:\/\/gatapiekabes.lv\/ru\/wp-json\/wp\/v2\/media\/1649"}],"wp:attachment":[{"href":"https:\/\/gatapiekabes.lv\/ru\/wp-json\/wp\/v2\/media?parent=1650"}],"wp:term":[{"taxonomy":"product_brand","embeddable":true,"href":"https:\/\/gatapiekabes.lv\/ru\/wp-json\/wp\/v2\/product_brand?post=1650"},{"taxonomy":"product_cat","embeddable":true,"href":"https:\/\/gatapiekabes.lv\/ru\/wp-json\/wp\/v2\/product_cat?post=1650"},{"taxonomy":"product_tag","embeddable":true,"href":"https:\/\/gatapiekabes.lv\/ru\/wp-json\/wp\/v2\/product_tag?post=1650"}],"curies":[{"name":"wp","href":"https:\/\/api.w.org\/{rel}","templated":true}]}}