{"id":1652,"date":"2026-04-27T17:08:59","date_gmt":"2026-04-27T14:08:59","guid":{"rendered":"https:\/\/gatapiekabes.lv\/product\/sakabes-ierices-sledzis\/"},"modified":"2026-04-28T14:49:53","modified_gmt":"2026-04-28T11:49:53","slug":"sakabes-ierices-sledzis","status":"publish","type":"product","link":"https:\/\/gatapiekabes.lv\/ru\/product\/sakabes-ierices-sledzis\/","title":{"rendered":"Sakabes ier\u012bces sl\u0113dzis"},"content":{"rendered":"<div class=\"description\">\n<p>Piekabes sl\u0113dzene, kas \u013cauj nosl\u0113gt piekabi, tai st\u0101vot atsevi\u0161\u0137i. Piem\u0113rota vieglaj\u0101m un ar bremz\u0113m apr\u012bkot\u0101m piekab\u0113m. Komplekt\u0101 ir 2 atsl\u0113gas.<\/p>\n<\/div>","protected":false},"excerpt":{"rendered":"<p>Piekabes sl\u0113dzene, kas \u013cauj nosl\u0113gt piekabi, tai st\u0101vot atsevi\u0161\u0137i. Piem\u0113rota vieglaj\u0101m un ar bremz\u0113m apr\u012bkot\u0101m piekab\u0113m. Komplekt\u0101 ir 2 atsl\u0113gas.<\/p>","protected":false},"featured_media":1651,"comment_status":"open","ping_status":"closed","template":"","meta":[],"product_brand":[],"product_cat":[370],"product_tag":[],"class_list":{"0":"post-1652","1":"product","2":"type-product","3":"status-publish","4":"has-post-thumbnail","6":"product_cat-sakabes-iericu-sledzi-aprikojums","8":"first","9":"instock","10":"shipping-taxable","11":"purchasable","12":"product-type-simple"},"_links":{"self":[{"href":"https:\/\/gatapiekabes.lv\/ru\/wp-json\/wp\/v2\/product\/1652","targetHints":{"allow":["GET"]}}],"collection":[{"href":"https:\/\/gatapiekabes.lv\/ru\/wp-json\/wp\/v2\/product"}],"about":[{"href":"https:\/\/gatapiekabes.lv\/ru\/wp-json\/wp\/v2\/types\/product"}],"replies":[{"embeddable":true,"href":"https:\/\/gatapiekabes.lv\/ru\/wp-json\/wp\/v2\/comments?post=1652"}],"wp:featuredmedia":[{"embeddable":true,"href":"https:\/\/gatapiekabes.lv\/ru\/wp-json\/wp\/v2\/media\/1651"}],"wp:attachment":[{"href":"https:\/\/gatapiekabes.lv\/ru\/wp-json\/wp\/v2\/media?parent=1652"}],"wp:term":[{"taxonomy":"product_brand","embeddable":true,"href":"https:\/\/gatapiekabes.lv\/ru\/wp-json\/wp\/v2\/product_brand?post=1652"},{"taxonomy":"product_cat","embeddable":true,"href":"https:\/\/gatapiekabes.lv\/ru\/wp-json\/wp\/v2\/product_cat?post=1652"},{"taxonomy":"product_tag","embeddable":true,"href":"https:\/\/gatapiekabes.lv\/ru\/wp-json\/wp\/v2\/product_tag?post=1652"}],"curies":[{"name":"wp","href":"https:\/\/api.w.org\/{rel}","templated":true}]}}