{"id":1656,"date":"2026-04-27T17:09:01","date_gmt":"2026-04-27T14:09:01","guid":{"rendered":"https:\/\/gatapiekabes.lv\/product\/sakabes-ierices-sledzis-piekabeautomobilis\/"},"modified":"2026-04-28T14:49:53","modified_gmt":"2026-04-28T11:49:53","slug":"sakabes-ierices-sledzis-piekabeautomobilis","status":"publish","type":"product","link":"https:\/\/gatapiekabes.lv\/ru\/product\/sakabes-ierices-sledzis-piekabeautomobilis\/","title":{"rendered":"Sakabes ier\u012bces sl\u0113dzis (piekabe+automobilis)"},"content":{"rendered":"<div class=\"description\">\n<p>Piekabes pretaizdz\u012b\u0161anas sl\u0113dzene, kas \u013cauj nosl\u0113gt piekabi, gan tai st\u0101vot atsevi\u0161\u0137i, gan nostiprin\u0101tai aiz automa\u0161\u012bnas. <strong>Piem\u0113rota tikai vieglaj\u0101m piekab\u0113m<\/strong>. Komplekt\u0101 ir piekaram\u0101 sl\u0113dzene ar 3 atsl\u0113g\u0101m.<\/p>\n<\/div>","protected":false},"excerpt":{"rendered":"<p>Piekabes pretaizdz\u012b\u0161anas sl\u0113dzene, kas \u013cauj nosl\u0113gt piekabi, gan tai st\u0101vot atsevi\u0161\u0137i, gan nostiprin\u0101tai aiz automa\u0161\u012bnas.Piem\u0113rota tikai vieglaj\u0101m piekab\u0113m. Komplekt\u0101 ir piekaram\u0101 sl\u0113dzene ar 3 atsl\u0113g\u0101m.<\/p>","protected":false},"featured_media":1655,"comment_status":"open","ping_status":"closed","template":"","meta":[],"product_brand":[],"product_cat":[370],"product_tag":[],"class_list":{"0":"post-1656","1":"product","2":"type-product","3":"status-publish","4":"has-post-thumbnail","6":"product_cat-sakabes-iericu-sledzi-aprikojums","8":"first","9":"instock","10":"shipping-taxable","11":"purchasable","12":"product-type-simple"},"_links":{"self":[{"href":"https:\/\/gatapiekabes.lv\/ru\/wp-json\/wp\/v2\/product\/1656","targetHints":{"allow":["GET"]}}],"collection":[{"href":"https:\/\/gatapiekabes.lv\/ru\/wp-json\/wp\/v2\/product"}],"about":[{"href":"https:\/\/gatapiekabes.lv\/ru\/wp-json\/wp\/v2\/types\/product"}],"replies":[{"embeddable":true,"href":"https:\/\/gatapiekabes.lv\/ru\/wp-json\/wp\/v2\/comments?post=1656"}],"wp:featuredmedia":[{"embeddable":true,"href":"https:\/\/gatapiekabes.lv\/ru\/wp-json\/wp\/v2\/media\/1655"}],"wp:attachment":[{"href":"https:\/\/gatapiekabes.lv\/ru\/wp-json\/wp\/v2\/media?parent=1656"}],"wp:term":[{"taxonomy":"product_brand","embeddable":true,"href":"https:\/\/gatapiekabes.lv\/ru\/wp-json\/wp\/v2\/product_brand?post=1656"},{"taxonomy":"product_cat","embeddable":true,"href":"https:\/\/gatapiekabes.lv\/ru\/wp-json\/wp\/v2\/product_cat?post=1656"},{"taxonomy":"product_tag","embeddable":true,"href":"https:\/\/gatapiekabes.lv\/ru\/wp-json\/wp\/v2\/product_tag?post=1656"}],"curies":[{"name":"wp","href":"https:\/\/api.w.org\/{rel}","templated":true}]}}