{"id":1731,"date":"2026-04-29T12:11:28","date_gmt":"2026-04-29T09:11:28","guid":{"rendered":"https:\/\/gatapiekabes.lv\/product\/tilta-sija-ar-rumbam-1-25m-piekabe-ar-bremzem-13-knott-1500kg-5x112-n-serija\/"},"modified":"2026-04-29T12:11:28","modified_gmt":"2026-04-29T09:11:28","slug":"tilta-sija-ar-rumbam-1-25m-piekabe-ar-bremzem-13-knott-1500kg-5x112-n-serija","status":"publish","type":"product","link":"https:\/\/gatapiekabes.lv\/ru\/product\/tilta-sija-ar-rumbam-1-25m-piekabe-ar-bremzem-13-knott-1500kg-5x112-n-serija\/","title":{"rendered":"Tilta sija ar rumb\u0101m 1.25m &#8211; Piekabe ar bremz\u0113m 13&#8243;, KNOTT (1500kg, 5X112) N s\u0113rija"},"content":{"rendered":"","protected":false},"excerpt":{"rendered":"","protected":false},"featured_media":1730,"comment_status":"open","ping_status":"closed","template":"","meta":[],"product_brand":[],"product_cat":[300],"product_tag":[],"class_list":{"0":"post-1731","1":"product","2":"type-product","3":"status-publish","4":"has-post-thumbnail","6":"product_cat-tilti","8":"first","9":"instock","10":"shipping-taxable","11":"purchasable","12":"product-type-simple"},"_links":{"self":[{"href":"https:\/\/gatapiekabes.lv\/ru\/wp-json\/wp\/v2\/product\/1731","targetHints":{"allow":["GET"]}}],"collection":[{"href":"https:\/\/gatapiekabes.lv\/ru\/wp-json\/wp\/v2\/product"}],"about":[{"href":"https:\/\/gatapiekabes.lv\/ru\/wp-json\/wp\/v2\/types\/product"}],"replies":[{"embeddable":true,"href":"https:\/\/gatapiekabes.lv\/ru\/wp-json\/wp\/v2\/comments?post=1731"}],"wp:featuredmedia":[{"embeddable":true,"href":"https:\/\/gatapiekabes.lv\/ru\/wp-json\/wp\/v2\/media\/1730"}],"wp:attachment":[{"href":"https:\/\/gatapiekabes.lv\/ru\/wp-json\/wp\/v2\/media?parent=1731"}],"wp:term":[{"taxonomy":"product_brand","embeddable":true,"href":"https:\/\/gatapiekabes.lv\/ru\/wp-json\/wp\/v2\/product_brand?post=1731"},{"taxonomy":"product_cat","embeddable":true,"href":"https:\/\/gatapiekabes.lv\/ru\/wp-json\/wp\/v2\/product_cat?post=1731"},{"taxonomy":"product_tag","embeddable":true,"href":"https:\/\/gatapiekabes.lv\/ru\/wp-json\/wp\/v2\/product_tag?post=1731"}],"curies":[{"name":"wp","href":"https:\/\/api.w.org\/{rel}","templated":true}]}}