{"id":1737,"date":"2026-04-29T12:11:35","date_gmt":"2026-04-29T09:11:35","guid":{"rendered":"https:\/\/gatapiekabes.lv\/product\/rezerves-ritena-turetaja-stiprinajuma-kronsteins-60-80-mm-caurulei-komplekts\/"},"modified":"2026-04-29T12:11:35","modified_gmt":"2026-04-29T09:11:35","slug":"rezerves-ritena-turetaja-stiprinajuma-kronsteins-60-80-mm-caurulei-komplekts","status":"publish","type":"product","link":"https:\/\/gatapiekabes.lv\/ru\/product\/rezerves-ritena-turetaja-stiprinajuma-kronsteins-60-80-mm-caurulei-komplekts\/","title":{"rendered":"Rezerves rite\u0146a tur\u0113t\u0101ja stiprin\u0101juma kron\u0161teins 60\/80 mm caurulei (komplekts)"},"content":{"rendered":"","protected":false},"excerpt":{"rendered":"","protected":false},"featured_media":1736,"comment_status":"open","ping_status":"closed","template":"","meta":[],"product_brand":[],"product_cat":[358],"product_tag":[],"class_list":{"0":"post-1737","1":"product","2":"type-product","3":"status-publish","4":"has-post-thumbnail","6":"product_cat-rezerves-riteni-aprikojums","8":"first","9":"instock","10":"shipping-taxable","11":"purchasable","12":"product-type-simple"},"_links":{"self":[{"href":"https:\/\/gatapiekabes.lv\/ru\/wp-json\/wp\/v2\/product\/1737","targetHints":{"allow":["GET"]}}],"collection":[{"href":"https:\/\/gatapiekabes.lv\/ru\/wp-json\/wp\/v2\/product"}],"about":[{"href":"https:\/\/gatapiekabes.lv\/ru\/wp-json\/wp\/v2\/types\/product"}],"replies":[{"embeddable":true,"href":"https:\/\/gatapiekabes.lv\/ru\/wp-json\/wp\/v2\/comments?post=1737"}],"wp:featuredmedia":[{"embeddable":true,"href":"https:\/\/gatapiekabes.lv\/ru\/wp-json\/wp\/v2\/media\/1736"}],"wp:attachment":[{"href":"https:\/\/gatapiekabes.lv\/ru\/wp-json\/wp\/v2\/media?parent=1737"}],"wp:term":[{"taxonomy":"product_brand","embeddable":true,"href":"https:\/\/gatapiekabes.lv\/ru\/wp-json\/wp\/v2\/product_brand?post=1737"},{"taxonomy":"product_cat","embeddable":true,"href":"https:\/\/gatapiekabes.lv\/ru\/wp-json\/wp\/v2\/product_cat?post=1737"},{"taxonomy":"product_tag","embeddable":true,"href":"https:\/\/gatapiekabes.lv\/ru\/wp-json\/wp\/v2\/product_tag?post=1737"}],"curies":[{"name":"wp","href":"https:\/\/api.w.org\/{rel}","templated":true}]}}