{"id":1745,"date":"2026-04-29T12:28:11","date_gmt":"2026-04-29T09:28:11","guid":{"rendered":"https:\/\/gatapiekabes.lv\/product\/jugstiena-v-gals-vieglajai-piekabei-sakabes-ierice-1400kg-ar-spraudnu-caurumiem-komplekts\/"},"modified":"2026-04-29T12:28:11","modified_gmt":"2026-04-29T09:28:11","slug":"jugstiena-v-gals-vieglajai-piekabei-sakabes-ierice-1400kg-ar-spraudnu-caurumiem-komplekts","status":"publish","type":"product","link":"https:\/\/gatapiekabes.lv\/ru\/product\/jugstiena-v-gals-vieglajai-piekabei-sakabes-ierice-1400kg-ar-spraudnu-caurumiem-komplekts\/","title":{"rendered":"J\u016bgstie\u0146a V gals, vieglajai piekabei, sakabes ier\u012bce 1400kg, ar spraud\u0146u caurumiem (komplekts)"},"content":{"rendered":"","protected":false},"excerpt":{"rendered":"","protected":false},"featured_media":1744,"comment_status":"open","ping_status":"closed","template":"","meta":[],"product_brand":[],"product_cat":[70],"product_tag":[],"class_list":{"0":"post-1745","1":"product","2":"type-product","3":"status-publish","4":"has-post-thumbnail","6":"product_cat-sakabes-ierices","8":"first","9":"instock","10":"shipping-taxable","11":"purchasable","12":"product-type-simple"},"_links":{"self":[{"href":"https:\/\/gatapiekabes.lv\/ru\/wp-json\/wp\/v2\/product\/1745","targetHints":{"allow":["GET"]}}],"collection":[{"href":"https:\/\/gatapiekabes.lv\/ru\/wp-json\/wp\/v2\/product"}],"about":[{"href":"https:\/\/gatapiekabes.lv\/ru\/wp-json\/wp\/v2\/types\/product"}],"replies":[{"embeddable":true,"href":"https:\/\/gatapiekabes.lv\/ru\/wp-json\/wp\/v2\/comments?post=1745"}],"wp:featuredmedia":[{"embeddable":true,"href":"https:\/\/gatapiekabes.lv\/ru\/wp-json\/wp\/v2\/media\/1744"}],"wp:attachment":[{"href":"https:\/\/gatapiekabes.lv\/ru\/wp-json\/wp\/v2\/media?parent=1745"}],"wp:term":[{"taxonomy":"product_brand","embeddable":true,"href":"https:\/\/gatapiekabes.lv\/ru\/wp-json\/wp\/v2\/product_brand?post=1745"},{"taxonomy":"product_cat","embeddable":true,"href":"https:\/\/gatapiekabes.lv\/ru\/wp-json\/wp\/v2\/product_cat?post=1745"},{"taxonomy":"product_tag","embeddable":true,"href":"https:\/\/gatapiekabes.lv\/ru\/wp-json\/wp\/v2\/product_tag?post=1745"}],"curies":[{"name":"wp","href":"https:\/\/api.w.org\/{rel}","templated":true}]}}