{"id":1755,"date":"2026-04-29T12:28:15","date_gmt":"2026-04-29T09:28:15","guid":{"rendered":"https:\/\/gatapiekabes.lv\/product\/stiprinajuma-kronsteina-komplekts-ar-reduktoru-stativam-n-serija\/"},"modified":"2026-04-29T13:30:22","modified_gmt":"2026-04-29T10:30:22","slug":"stiprinajuma-kronsteina-komplekts-ar-reduktoru-stativam-n-serija","status":"publish","type":"product","link":"https:\/\/gatapiekabes.lv\/ru\/product\/stiprinajuma-kronsteina-komplekts-ar-reduktoru-stativam-n-serija\/","title":{"rendered":"Stiprin\u0101juma kron\u0161teina komplekts ar reduktoru stat\u012bvam (N s\u0113rija)"},"content":{"rendered":"","protected":false},"excerpt":{"rendered":"","protected":false},"featured_media":1754,"comment_status":"open","ping_status":"closed","template":"","meta":[],"product_brand":[],"product_cat":[339],"product_tag":[],"class_list":{"0":"post-1755","1":"product","2":"type-product","3":"status-publish","4":"has-post-thumbnail","6":"product_cat-atbalsta-riteni-atbalsta-kajas-atgasanas-skruve","8":"first","9":"instock","10":"shipping-taxable","11":"purchasable","12":"product-type-simple"},"_links":{"self":[{"href":"https:\/\/gatapiekabes.lv\/ru\/wp-json\/wp\/v2\/product\/1755","targetHints":{"allow":["GET"]}}],"collection":[{"href":"https:\/\/gatapiekabes.lv\/ru\/wp-json\/wp\/v2\/product"}],"about":[{"href":"https:\/\/gatapiekabes.lv\/ru\/wp-json\/wp\/v2\/types\/product"}],"replies":[{"embeddable":true,"href":"https:\/\/gatapiekabes.lv\/ru\/wp-json\/wp\/v2\/comments?post=1755"}],"wp:featuredmedia":[{"embeddable":true,"href":"https:\/\/gatapiekabes.lv\/ru\/wp-json\/wp\/v2\/media\/1754"}],"wp:attachment":[{"href":"https:\/\/gatapiekabes.lv\/ru\/wp-json\/wp\/v2\/media?parent=1755"}],"wp:term":[{"taxonomy":"product_brand","embeddable":true,"href":"https:\/\/gatapiekabes.lv\/ru\/wp-json\/wp\/v2\/product_brand?post=1755"},{"taxonomy":"product_cat","embeddable":true,"href":"https:\/\/gatapiekabes.lv\/ru\/wp-json\/wp\/v2\/product_cat?post=1755"},{"taxonomy":"product_tag","embeddable":true,"href":"https:\/\/gatapiekabes.lv\/ru\/wp-json\/wp\/v2\/product_tag?post=1755"}],"curies":[{"name":"wp","href":"https:\/\/api.w.org\/{rel}","templated":true}]}}