{"id":1766,"date":"2026-04-29T12:28:23","date_gmt":"2026-04-29T09:28:23","guid":{"rendered":"https:\/\/gatapiekabes.lv\/product\/laivas-piekabes-pakapiens-450x200mm-100mm-jugstienim\/"},"modified":"2026-04-29T12:28:23","modified_gmt":"2026-04-29T09:28:23","slug":"laivas-piekabes-pakapiens-450x200mm-100mm-jugstienim","status":"publish","type":"product","link":"https:\/\/gatapiekabes.lv\/ru\/product\/laivas-piekabes-pakapiens-450x200mm-100mm-jugstienim\/","title":{"rendered":"Laivas piekabes pak\u0101piens 450x200mm, 100mm j\u016bgstienim"},"content":{"rendered":"<div class=\"description\">\n<p>Piem\u0113rots laivu piekab\u0113m BREN700BP13, BREN700BP15 Pak\u0101piena izm\u0113ri 450x200mm. Piestiprin\u0101s pie piekabes r\u0101mja ar vienu no u-skr\u016bv\u0113m, kas ir iek\u013cautas komplekt\u0101.<\/p>\n<\/div>","protected":false},"excerpt":{"rendered":"<p>Piem\u0113rots laivu piekab\u0113m BREN700BP13, BREN700BP15 Pak\u0101piena izm\u0113ri 450x200mm. Piestiprin\u0101s pie piekabes r\u0101mja ar vienu no u-skr\u016bv\u0113m, kas ir iek\u013cautas komplekt\u0101.<\/p>","protected":false},"featured_media":1765,"comment_status":"open","ping_status":"closed","template":"","meta":[],"product_brand":[],"product_cat":[360],"product_tag":[],"class_list":{"0":"post-1766","1":"product","2":"type-product","3":"status-publish","4":"has-post-thumbnail","6":"product_cat-laivu-piekabju-aksesuari-aprikojums","8":"first","9":"instock","10":"shipping-taxable","11":"purchasable","12":"product-type-simple"},"_links":{"self":[{"href":"https:\/\/gatapiekabes.lv\/ru\/wp-json\/wp\/v2\/product\/1766","targetHints":{"allow":["GET"]}}],"collection":[{"href":"https:\/\/gatapiekabes.lv\/ru\/wp-json\/wp\/v2\/product"}],"about":[{"href":"https:\/\/gatapiekabes.lv\/ru\/wp-json\/wp\/v2\/types\/product"}],"replies":[{"embeddable":true,"href":"https:\/\/gatapiekabes.lv\/ru\/wp-json\/wp\/v2\/comments?post=1766"}],"wp:featuredmedia":[{"embeddable":true,"href":"https:\/\/gatapiekabes.lv\/ru\/wp-json\/wp\/v2\/media\/1765"}],"wp:attachment":[{"href":"https:\/\/gatapiekabes.lv\/ru\/wp-json\/wp\/v2\/media?parent=1766"}],"wp:term":[{"taxonomy":"product_brand","embeddable":true,"href":"https:\/\/gatapiekabes.lv\/ru\/wp-json\/wp\/v2\/product_brand?post=1766"},{"taxonomy":"product_cat","embeddable":true,"href":"https:\/\/gatapiekabes.lv\/ru\/wp-json\/wp\/v2\/product_cat?post=1766"},{"taxonomy":"product_tag","embeddable":true,"href":"https:\/\/gatapiekabes.lv\/ru\/wp-json\/wp\/v2\/product_tag?post=1766"}],"curies":[{"name":"wp","href":"https:\/\/api.w.org\/{rel}","templated":true}]}}