{"id":1787,"date":"2026-04-29T13:06:40","date_gmt":"2026-04-29T10:06:40","guid":{"rendered":"https:\/\/gatapiekabes.lv\/product\/kravas-nostiprinasanas-siksna-rolo-500-kg-25-mm-03-m-akis-27-m-akis\/"},"modified":"2026-04-29T13:06:40","modified_gmt":"2026-04-29T10:06:40","slug":"kravas-nostiprinasanas-siksna-rolo-500-kg-25-mm-03-m-akis-27-m-akis","status":"publish","type":"product","link":"https:\/\/gatapiekabes.lv\/ru\/product\/kravas-nostiprinasanas-siksna-rolo-500-kg-25-mm-03-m-akis-27-m-akis\/","title":{"rendered":"Kravas nostiprin\u0101\u0161anas siksna ROLO 500 kg 25 mm 0,3 m (\u0101\u0137is) + 2,7 m (\u0101\u0137is)"},"content":{"rendered":"","protected":false},"excerpt":{"rendered":"","protected":false},"featured_media":1786,"comment_status":"open","ping_status":"closed","template":"","meta":[],"product_brand":[],"product_cat":[368],"product_tag":[],"class_list":{"0":"post-1787","1":"product","2":"type-product","3":"status-publish","4":"has-post-thumbnail","6":"product_cat-kravas-siksnas-aprikojums","8":"first","9":"instock","10":"shipping-taxable","11":"purchasable","12":"product-type-simple"},"_links":{"self":[{"href":"https:\/\/gatapiekabes.lv\/ru\/wp-json\/wp\/v2\/product\/1787","targetHints":{"allow":["GET"]}}],"collection":[{"href":"https:\/\/gatapiekabes.lv\/ru\/wp-json\/wp\/v2\/product"}],"about":[{"href":"https:\/\/gatapiekabes.lv\/ru\/wp-json\/wp\/v2\/types\/product"}],"replies":[{"embeddable":true,"href":"https:\/\/gatapiekabes.lv\/ru\/wp-json\/wp\/v2\/comments?post=1787"}],"wp:featuredmedia":[{"embeddable":true,"href":"https:\/\/gatapiekabes.lv\/ru\/wp-json\/wp\/v2\/media\/1786"}],"wp:attachment":[{"href":"https:\/\/gatapiekabes.lv\/ru\/wp-json\/wp\/v2\/media?parent=1787"}],"wp:term":[{"taxonomy":"product_brand","embeddable":true,"href":"https:\/\/gatapiekabes.lv\/ru\/wp-json\/wp\/v2\/product_brand?post=1787"},{"taxonomy":"product_cat","embeddable":true,"href":"https:\/\/gatapiekabes.lv\/ru\/wp-json\/wp\/v2\/product_cat?post=1787"},{"taxonomy":"product_tag","embeddable":true,"href":"https:\/\/gatapiekabes.lv\/ru\/wp-json\/wp\/v2\/product_tag?post=1787"}],"curies":[{"name":"wp","href":"https:\/\/api.w.org\/{rel}","templated":true}]}}