{"id":1793,"date":"2026-04-29T13:06:43","date_gmt":"2026-04-29T10:06:43","guid":{"rendered":"https:\/\/gatapiekabes.lv\/product\/kravas-nostiprinasanas-siksna-rolo-1200-kg-50-mm-05-m-akis-175-m-cilpa\/"},"modified":"2026-04-29T13:06:43","modified_gmt":"2026-04-29T10:06:43","slug":"kravas-nostiprinasanas-siksna-rolo-1200-kg-50-mm-05-m-akis-175-m-cilpa","status":"publish","type":"product","link":"https:\/\/gatapiekabes.lv\/ru\/product\/kravas-nostiprinasanas-siksna-rolo-1200-kg-50-mm-05-m-akis-175-m-cilpa\/","title":{"rendered":"Kravas nostiprin\u0101\u0161anas siksna ROLO 1200 kg 50 mm 0,5 m (\u0101\u0137is) + 1,75 m (cilpa)"},"content":{"rendered":"","protected":false},"excerpt":{"rendered":"","protected":false},"featured_media":1792,"comment_status":"open","ping_status":"closed","template":"","meta":[],"product_brand":[],"product_cat":[368],"product_tag":[],"class_list":{"0":"post-1793","1":"product","2":"type-product","3":"status-publish","4":"has-post-thumbnail","6":"product_cat-kravas-siksnas-aprikojums","8":"first","9":"instock","10":"shipping-taxable","11":"purchasable","12":"product-type-simple"},"_links":{"self":[{"href":"https:\/\/gatapiekabes.lv\/ru\/wp-json\/wp\/v2\/product\/1793","targetHints":{"allow":["GET"]}}],"collection":[{"href":"https:\/\/gatapiekabes.lv\/ru\/wp-json\/wp\/v2\/product"}],"about":[{"href":"https:\/\/gatapiekabes.lv\/ru\/wp-json\/wp\/v2\/types\/product"}],"replies":[{"embeddable":true,"href":"https:\/\/gatapiekabes.lv\/ru\/wp-json\/wp\/v2\/comments?post=1793"}],"wp:featuredmedia":[{"embeddable":true,"href":"https:\/\/gatapiekabes.lv\/ru\/wp-json\/wp\/v2\/media\/1792"}],"wp:attachment":[{"href":"https:\/\/gatapiekabes.lv\/ru\/wp-json\/wp\/v2\/media?parent=1793"}],"wp:term":[{"taxonomy":"product_brand","embeddable":true,"href":"https:\/\/gatapiekabes.lv\/ru\/wp-json\/wp\/v2\/product_brand?post=1793"},{"taxonomy":"product_cat","embeddable":true,"href":"https:\/\/gatapiekabes.lv\/ru\/wp-json\/wp\/v2\/product_cat?post=1793"},{"taxonomy":"product_tag","embeddable":true,"href":"https:\/\/gatapiekabes.lv\/ru\/wp-json\/wp\/v2\/product_tag?post=1793"}],"curies":[{"name":"wp","href":"https:\/\/api.w.org\/{rel}","templated":true}]}}