{"id":274,"date":"2026-04-17T13:50:50","date_gmt":"2026-04-17T13:50:50","guid":{"rendered":"https:\/\/gatapiekabes.lv\/product\/amortizatora-ramja-starplikas\/"},"modified":"2026-04-23T18:24:39","modified_gmt":"2026-04-23T15:24:39","slug":"amortizatora-ramja-starplikas","status":"publish","type":"product","link":"https:\/\/gatapiekabes.lv\/ru\/product\/amortizatora-ramja-starplikas\/","title":{"rendered":"Amortizatora\/r\u0101mja starplikas"},"content":{"rendered":"<p>Amortizatora\/r\u0101mja starplikas \u2014 karsti cinkots, metin\u0101ts r\u0101mis no S355 t\u0113rauda.<\/p>","protected":false},"excerpt":{"rendered":"<p>Amortizatora\/r\u0101mja starplikas \u2014 karsti cinkots, metin\u0101ts r\u0101mis no S355 t\u0113rauda.<\/p>","protected":false},"featured_media":0,"comment_status":"open","ping_status":"closed","template":"","meta":[],"product_brand":[],"product_cat":[69],"product_tag":[],"class_list":{"0":"post-274","1":"product","2":"type-product","3":"status-publish","5":"product_cat-amortizatori-un-atsperes","6":"pa_bremzes-bez-bremzem","8":"first","9":"instock","10":"shipping-taxable","11":"purchasable","12":"product-type-simple"},"_links":{"self":[{"href":"https:\/\/gatapiekabes.lv\/ru\/wp-json\/wp\/v2\/product\/274","targetHints":{"allow":["GET"]}}],"collection":[{"href":"https:\/\/gatapiekabes.lv\/ru\/wp-json\/wp\/v2\/product"}],"about":[{"href":"https:\/\/gatapiekabes.lv\/ru\/wp-json\/wp\/v2\/types\/product"}],"replies":[{"embeddable":true,"href":"https:\/\/gatapiekabes.lv\/ru\/wp-json\/wp\/v2\/comments?post=274"}],"wp:attachment":[{"href":"https:\/\/gatapiekabes.lv\/ru\/wp-json\/wp\/v2\/media?parent=274"}],"wp:term":[{"taxonomy":"product_brand","embeddable":true,"href":"https:\/\/gatapiekabes.lv\/ru\/wp-json\/wp\/v2\/product_brand?post=274"},{"taxonomy":"product_cat","embeddable":true,"href":"https:\/\/gatapiekabes.lv\/ru\/wp-json\/wp\/v2\/product_cat?post=274"},{"taxonomy":"product_tag","embeddable":true,"href":"https:\/\/gatapiekabes.lv\/ru\/wp-json\/wp\/v2\/product_tag?post=274"}],"curies":[{"name":"wp","href":"https:\/\/api.w.org\/{rel}","templated":true}]}}